{"id":47395,"date":"2026-02-16T16:21:36","date_gmt":"2026-02-16T15:21:36","guid":{"rendered":"https:\/\/ibod-fse.s4.klixpert.dev\/?post_type=product&#038;p=47395"},"modified":"2026-02-17T14:52:29","modified_gmt":"2026-02-17T13:52:29","slug":"doppo-estrich-betonverfestiger","status":"publish","type":"product","link":"https:\/\/ibod-fse.s4.klixpert.dev\/ch\/shop\/estrichtechnik\/doppo-estrich-betonverfestiger\/","title":{"rendered":"doppo Estrich- &#038; Betonverfestiger"},"content":{"rendered":"<ul>\n<li><strong>Eigenschaften: <\/strong>Verfestigung und Verdichtung der Oberfl\u00e4che, sehr hohes Eindringverm\u00f6gen (ca. 8\u201310 mm), reduziert das Eindringen von \u00d6len und Fl\u00fcssigkeiten, verbessert die Best\u00e4ndigkeit gegen\u00fcber Tausalz- und Salzeinwirkung, l\u00f6semittelfrei, nicht brennbar<\/li>\n<li><strong>Verpackung: <\/strong>1 Kanister = 10 kg, 25 kg<\/li>\n<li><strong>Verbrauch: <\/strong>ca. 150-250 ml\/m\u00b2 je nach Saugf\u00e4higkeit<\/li>\n<\/ul>\n<p>&nbsp;<\/p>\n","protected":false},"excerpt":{"rendered":"<p>Fl\u00fcssiger, chloridfreier Trocknungsbeschleuniger f\u00fcr zementgebundene EPS-Sch\u00fcttungen zur Verk\u00fcrzung der Belegereife auf ca. 2 Tage.<\/p>\n","protected":false},"featured_media":47398,"comment_status":"open","ping_status":"closed","template":"","meta":{"_configurator_enabled":"no","_base_measure_price":0},"product_brand":[],"product_cat":[382],"product_tag":[],"certificates":[],"class_list":{"0":"post-47395","1":"product","2":"type-product","3":"status-publish","4":"has-post-thumbnail","6":"product_cat-estrichtechnik","8":"first","9":"instock","10":"taxable","11":"shipping-taxable","12":"product-type-variable"},"bundled_by":[],"bundle_stock_status":"instock","bundle_stock_quantity":null,"bundle_virtual":false,"bundle_layout":"","bundle_add_to_cart_form_location":"","bundle_editable_in_cart":false,"bundle_sold_individually_context":"","bundle_item_grouping":"","bundle_min_size":"","bundle_max_size":"","bundle_price":[],"bundled_items":[],"bundle_sell_ids":[],"_links":{"self":[{"href":"https:\/\/ibod-fse.s4.klixpert.dev\/ch\/wp-json\/wp\/v2\/product\/47395","targetHints":{"allow":["GET"]}}],"collection":[{"href":"https:\/\/ibod-fse.s4.klixpert.dev\/ch\/wp-json\/wp\/v2\/product"}],"about":[{"href":"https:\/\/ibod-fse.s4.klixpert.dev\/ch\/wp-json\/wp\/v2\/types\/product"}],"replies":[{"embeddable":true,"href":"https:\/\/ibod-fse.s4.klixpert.dev\/ch\/wp-json\/wp\/v2\/comments?post=47395"}],"wp:featuredmedia":[{"embeddable":true,"href":"https:\/\/ibod-fse.s4.klixpert.dev\/ch\/wp-json\/wp\/v2\/media\/47398"}],"wp:attachment":[{"href":"https:\/\/ibod-fse.s4.klixpert.dev\/ch\/wp-json\/wp\/v2\/media?parent=47395"}],"wp:term":[{"taxonomy":"product_brand","embeddable":true,"href":"https:\/\/ibod-fse.s4.klixpert.dev\/ch\/wp-json\/wp\/v2\/product_brand?post=47395"},{"taxonomy":"product_cat","embeddable":true,"href":"https:\/\/ibod-fse.s4.klixpert.dev\/ch\/wp-json\/wp\/v2\/product_cat?post=47395"},{"taxonomy":"product_tag","embeddable":true,"href":"https:\/\/ibod-fse.s4.klixpert.dev\/ch\/wp-json\/wp\/v2\/product_tag?post=47395"},{"taxonomy":"certificates","embeddable":true,"href":"https:\/\/ibod-fse.s4.klixpert.dev\/ch\/wp-json\/wp\/v2\/certificates?post=47395"}],"curies":[{"name":"wp","href":"https:\/\/api.w.org\/{rel}","templated":true}]}}