{"id":42392,"date":"2025-09-01T12:21:05","date_gmt":"2025-09-01T10:21:05","guid":{"rendered":"https:\/\/ibod-fse.s4.klixpert.dev\/?post_type=product&#038;p=42392"},"modified":"2025-11-13T13:19:22","modified_gmt":"2025-11-13T12:19:22","slug":"doppo-purofino-2","status":"publish","type":"product","link":"https:\/\/ibod-fse.s4.klixpert.dev\/ch\/shop\/1k-beschichtung-wand-und-boden\/doppo-purofino-2\/","title":{"rendered":"doppo Purofino"},"content":{"rendered":"<p>doppo Purofino ist eine gebrauchsfertige 1k-Spachtelmassen f\u00fcr W\u00e4nde und B\u00f6den.<\/p>\n<ul>\n<li><strong>Material<\/strong>: 1K-Microtec-Spachtelmasse, acrylgebunden, Edelkorund + Carrara-Marmor-Mehl<\/li>\n<li><strong>Optik: <\/strong>in 2 Kornst\u00e4rken &#8211; fein &amp; grob<\/li>\n<li><strong>Eigenschaften:<\/strong> gebrauchsfertig<\/li>\n<li><strong>Farben: <\/strong>64 IBOD-Standardfarben (separat erh\u00e4ltlich)<\/li>\n<li><strong>Schichtdicke:<\/strong> ca. 1 mm<\/li>\n<li><strong>Verbrauch:<\/strong> ab 1,00 kg\/m\u00b2 je Untergrund (Verbrauchstabelle: siehe unten)<\/li>\n<\/ul>\n","protected":false},"excerpt":{"rendered":"<p>Hochwertige 1K-Microtec-Spachtelmasse f\u00fcr fugenlose, strapazierf\u00e4hige Spachtelb\u00f6den sowie W\u00e4nde und B\u00e4der. Ideal f\u00fcr anspruchsvolle Anwendungen.<\/p>\n","protected":false},"featured_media":37039,"comment_status":"open","ping_status":"closed","template":"","meta":{"_configurator_enabled":"no","_base_measure_price":0},"product_brand":[],"product_cat":[1363],"product_tag":[],"certificates":[],"class_list":{"0":"post-42392","1":"product","2":"type-product","3":"status-publish","4":"has-post-thumbnail","6":"product_cat-1k-beschichtung-wand-und-boden","8":"first","9":"instock","10":"taxable","11":"shipping-taxable","12":"product-type-variable"},"bundled_by":[],"bundle_stock_status":"instock","bundle_stock_quantity":null,"bundle_virtual":false,"bundle_layout":"","bundle_add_to_cart_form_location":"","bundle_editable_in_cart":false,"bundle_sold_individually_context":"","bundle_item_grouping":"","bundle_min_size":"","bundle_max_size":"","bundle_price":[],"bundled_items":[],"bundle_sell_ids":[],"_links":{"self":[{"href":"https:\/\/ibod-fse.s4.klixpert.dev\/ch\/wp-json\/wp\/v2\/product\/42392","targetHints":{"allow":["GET"]}}],"collection":[{"href":"https:\/\/ibod-fse.s4.klixpert.dev\/ch\/wp-json\/wp\/v2\/product"}],"about":[{"href":"https:\/\/ibod-fse.s4.klixpert.dev\/ch\/wp-json\/wp\/v2\/types\/product"}],"replies":[{"embeddable":true,"href":"https:\/\/ibod-fse.s4.klixpert.dev\/ch\/wp-json\/wp\/v2\/comments?post=42392"}],"wp:featuredmedia":[{"embeddable":true,"href":"https:\/\/ibod-fse.s4.klixpert.dev\/ch\/wp-json\/wp\/v2\/media\/37039"}],"wp:attachment":[{"href":"https:\/\/ibod-fse.s4.klixpert.dev\/ch\/wp-json\/wp\/v2\/media?parent=42392"}],"wp:term":[{"taxonomy":"product_brand","embeddable":true,"href":"https:\/\/ibod-fse.s4.klixpert.dev\/ch\/wp-json\/wp\/v2\/product_brand?post=42392"},{"taxonomy":"product_cat","embeddable":true,"href":"https:\/\/ibod-fse.s4.klixpert.dev\/ch\/wp-json\/wp\/v2\/product_cat?post=42392"},{"taxonomy":"product_tag","embeddable":true,"href":"https:\/\/ibod-fse.s4.klixpert.dev\/ch\/wp-json\/wp\/v2\/product_tag?post=42392"},{"taxonomy":"certificates","embeddable":true,"href":"https:\/\/ibod-fse.s4.klixpert.dev\/ch\/wp-json\/wp\/v2\/certificates?post=42392"}],"curies":[{"name":"wp","href":"https:\/\/api.w.org\/{rel}","templated":true}]}}