{"id":42262,"date":"2025-09-01T10:00:13","date_gmt":"2025-09-01T08:00:13","guid":{"rendered":"https:\/\/ibod-fse.s4.klixpert.dev\/?post_type=product&#038;p=42262"},"modified":"2025-11-13T13:04:50","modified_gmt":"2025-11-13T12:04:50","slug":"doppo-minerafinish-2k","status":"publish","type":"product","link":"https:\/\/ibod-fse.s4.klixpert.dev\/ch\/shop\/bodenbeschichtungen\/gussterrazzo\/doppo-minerafinish-2k\/","title":{"rendered":"doppo MineraFinish &#8211; 2K"},"content":{"rendered":"<ul>\n<li><strong>Eigenschaften<\/strong>: 2K-Polyurethanversiegelung, UV-best\u00e4ndig, emissionsarm, wasserbasiert<\/li>\n<li><strong>Glanzgrad:\u00a0<\/strong>Matt oder Seidenmatt<\/li>\n<li><strong>Verbrauch:<\/strong> 0,150kg\/m\u00b2\/Schicht (2-maliger Auftrag erforderlich)<\/li>\n<li><strong>Verpackung:<\/strong> 5 kg A+B (A: 4,42 kg + B: 0,42 kg)<\/li>\n<li><strong>Verwendungsbereich:<\/strong> f\u00fcr alle mineralischen Wand- und Bodensysteme von IBOD geeignet, sowie f\u00fcr alle weiteren mineralischen Oberfl\u00e4chen (Zementestriche, Anhydritestriche, Beton)<\/li>\n<\/ul>\n","protected":false},"excerpt":{"rendered":"<p>2K-Polyurethanversiegelung f\u00fcr den Schutz aller mineralischen Wand- und Bodensysteme von IBOD.<\/p>\n","protected":false},"featured_media":42315,"comment_status":"open","ping_status":"closed","template":"","meta":{"_configurator_enabled":"no","_base_measure_price":0},"product_brand":[],"product_cat":[1202,840,1205,385,390,1199,1201,1256],"product_tag":[],"certificates":[],"class_list":{"0":"post-42262","1":"product","2":"type-product","3":"status-publish","4":"has-post-thumbnail","6":"product_cat-bodenbeschichtungen","7":"product_cat-doppo-ambiente-wand","8":"product_cat-gussterrazzo","9":"product_cat-boeden-mineralisch","10":"product_cat-versiegelungen","11":"product_cat-versiegelungen-doppo-ambiente-wand","12":"product_cat-versiegelungen-bodenbeschichtungen","13":"product_cat-versiegelungen-doppo-waschputz-mediterran","15":"first","16":"instock","17":"taxable","18":"shipping-taxable","19":"product-type-variable"},"bundled_by":[],"bundle_stock_status":"instock","bundle_stock_quantity":null,"bundle_virtual":false,"bundle_layout":"","bundle_add_to_cart_form_location":"","bundle_editable_in_cart":false,"bundle_sold_individually_context":"","bundle_item_grouping":"","bundle_min_size":"","bundle_max_size":"","bundle_price":[],"bundled_items":[],"bundle_sell_ids":[],"_links":{"self":[{"href":"https:\/\/ibod-fse.s4.klixpert.dev\/ch\/wp-json\/wp\/v2\/product\/42262","targetHints":{"allow":["GET"]}}],"collection":[{"href":"https:\/\/ibod-fse.s4.klixpert.dev\/ch\/wp-json\/wp\/v2\/product"}],"about":[{"href":"https:\/\/ibod-fse.s4.klixpert.dev\/ch\/wp-json\/wp\/v2\/types\/product"}],"replies":[{"embeddable":true,"href":"https:\/\/ibod-fse.s4.klixpert.dev\/ch\/wp-json\/wp\/v2\/comments?post=42262"}],"wp:featuredmedia":[{"embeddable":true,"href":"https:\/\/ibod-fse.s4.klixpert.dev\/ch\/wp-json\/wp\/v2\/media\/42315"}],"wp:attachment":[{"href":"https:\/\/ibod-fse.s4.klixpert.dev\/ch\/wp-json\/wp\/v2\/media?parent=42262"}],"wp:term":[{"taxonomy":"product_brand","embeddable":true,"href":"https:\/\/ibod-fse.s4.klixpert.dev\/ch\/wp-json\/wp\/v2\/product_brand?post=42262"},{"taxonomy":"product_cat","embeddable":true,"href":"https:\/\/ibod-fse.s4.klixpert.dev\/ch\/wp-json\/wp\/v2\/product_cat?post=42262"},{"taxonomy":"product_tag","embeddable":true,"href":"https:\/\/ibod-fse.s4.klixpert.dev\/ch\/wp-json\/wp\/v2\/product_tag?post=42262"},{"taxonomy":"certificates","embeddable":true,"href":"https:\/\/ibod-fse.s4.klixpert.dev\/ch\/wp-json\/wp\/v2\/certificates?post=42262"}],"curies":[{"name":"wp","href":"https:\/\/api.w.org\/{rel}","templated":true}]}}