{"id":34028,"date":"2024-06-04T10:28:32","date_gmt":"2024-06-04T08:28:32","guid":{"rendered":"https:\/\/ibod-fse.s4.klixpert.dev\/shop\/unkategorisiert\/doppo-waschputz-mediterran-v2-wp-07\/"},"modified":"2024-10-31T14:47:40","modified_gmt":"2024-10-31T13:47:40","slug":"doppo-waschputz-mediterran-v2-wp-07","status":"publish","type":"product","link":"https:\/\/ibod-fse.s4.klixpert.dev\/ch\/shop\/doppo-waschputz-mediterran\/doppo-waschputz-mediterran-v2-wp-07\/","title":{"rendered":"doppo Waschputz Mediterran V2\/WP-07"},"content":{"rendered":"<ul>\n<li><strong>Rezeptur:<\/strong> V2 \/ WP-07<\/li>\n<li><strong>Hellbezugswert:<\/strong> 84%<\/li>\n<li><strong>Eigenschaften:\u00a0<\/strong>rein mineralisch, leicht verarbeitbar, standfest, witterungsbest\u00e4ndig, UV-best\u00e4ndig, hohe Widerstandsf\u00e4higkeit gegen Schimmel und Algenbefall \u2013 pH-Wert 13, hohe Diffusionsf\u00e4higkeit<\/li>\n<li><strong>Verpackung:<\/strong> 1 Sack = 25 kg<\/li>\n<li><strong>Verbrauch:<\/strong> 5 kg\/m\u00b2<\/li>\n<\/ul>\n<p>&nbsp;<\/p>\n","protected":false},"excerpt":{"rendered":"<p>Rein mineralischer Waschputz f\u00fcr Innen- und Au\u00dfen.<\/p>\n","protected":false},"featured_media":2976,"comment_status":"open","ping_status":"closed","template":"","meta":{"_configurator_enabled":"","_base_measure_price":0},"product_brand":[],"product_cat":[398,1383],"product_tag":[],"certificates":[1357],"class_list":{"0":"post-34028","1":"product","2":"type-product","3":"status-publish","4":"has-post-thumbnail","6":"product_cat-doppo-waschputz-mediterran","7":"product_cat-sonderartikel","8":"certificates-emicode-ec1-plus-sehr-emissionsarm","10":"first","11":"instock","12":"taxable","13":"shipping-taxable","14":"product-type-simple"},"bundled_by":[],"bundle_stock_status":"instock","bundle_stock_quantity":null,"bundle_virtual":false,"bundle_layout":"","bundle_add_to_cart_form_location":"","bundle_editable_in_cart":false,"bundle_sold_individually_context":"","bundle_item_grouping":"","bundle_min_size":"","bundle_max_size":"","bundle_price":[],"bundled_items":[],"bundle_sell_ids":[],"_links":{"self":[{"href":"https:\/\/ibod-fse.s4.klixpert.dev\/ch\/wp-json\/wp\/v2\/product\/34028","targetHints":{"allow":["GET"]}}],"collection":[{"href":"https:\/\/ibod-fse.s4.klixpert.dev\/ch\/wp-json\/wp\/v2\/product"}],"about":[{"href":"https:\/\/ibod-fse.s4.klixpert.dev\/ch\/wp-json\/wp\/v2\/types\/product"}],"replies":[{"embeddable":true,"href":"https:\/\/ibod-fse.s4.klixpert.dev\/ch\/wp-json\/wp\/v2\/comments?post=34028"}],"wp:featuredmedia":[{"embeddable":true,"href":"https:\/\/ibod-fse.s4.klixpert.dev\/ch\/wp-json\/wp\/v2\/media\/2976"}],"wp:attachment":[{"href":"https:\/\/ibod-fse.s4.klixpert.dev\/ch\/wp-json\/wp\/v2\/media?parent=34028"}],"wp:term":[{"taxonomy":"product_brand","embeddable":true,"href":"https:\/\/ibod-fse.s4.klixpert.dev\/ch\/wp-json\/wp\/v2\/product_brand?post=34028"},{"taxonomy":"product_cat","embeddable":true,"href":"https:\/\/ibod-fse.s4.klixpert.dev\/ch\/wp-json\/wp\/v2\/product_cat?post=34028"},{"taxonomy":"product_tag","embeddable":true,"href":"https:\/\/ibod-fse.s4.klixpert.dev\/ch\/wp-json\/wp\/v2\/product_tag?post=34028"},{"taxonomy":"certificates","embeddable":true,"href":"https:\/\/ibod-fse.s4.klixpert.dev\/ch\/wp-json\/wp\/v2\/certificates?post=34028"}],"curies":[{"name":"wp","href":"https:\/\/api.w.org\/{rel}","templated":true}]}}