{"id":33160,"date":"2024-05-22T00:47:31","date_gmt":"2024-05-21T22:47:31","guid":{"rendered":"https:\/\/ibod-fse.s4.klixpert.dev\/shop\/unkategorisiert\/doppo-hydrostop\/"},"modified":"2025-05-12T17:16:51","modified_gmt":"2025-05-12T15:16:51","slug":"doppo-hydrostop","status":"publish","type":"product","link":"https:\/\/ibod-fse.s4.klixpert.dev\/ch\/shop\/doppo-ambiente-wand\/versiegelungen-doppo-ambiente-wand\/doppo-hydrostop\/","title":{"rendered":"doppo Hydrostop"},"content":{"rendered":"<ul>\n<li><strong>Eigenschaften: <\/strong>gebrauchsfertig, wasser- und \u00f6labweisend, Schutz vor wasserl\u00f6sliche Schadstoffe, Frostsch\u00e4den und Befall von Schimmel, Algen und Moosbildung<\/li>\n<li><strong>Verbrauch:<\/strong> 0,15 lt.\/m\u00b2 (abh\u00e4ngig von Saugf\u00e4higkeit und Verwendung)<\/li>\n<\/ul>\n","protected":false},"excerpt":{"rendered":"<p>Wasser- und \u00f6labweisendes Impr\u00e4gnierungsmittel f\u00fcr Innen &amp; Aussen.<\/p>\n","protected":false},"featured_media":33188,"comment_status":"open","ping_status":"closed","template":"","meta":{"_configurator_enabled":"","_base_measure_price":0},"product_brand":[],"product_cat":[382,390,1199,1256],"product_tag":[],"certificates":[],"class_list":{"0":"post-33160","1":"product","2":"type-product","3":"status-publish","4":"has-post-thumbnail","6":"product_cat-estrichtechnik","7":"product_cat-versiegelungen","8":"product_cat-versiegelungen-doppo-ambiente-wand","9":"product_cat-versiegelungen-doppo-waschputz-mediterran","11":"first","12":"instock","13":"taxable","14":"shipping-taxable","15":"product-type-variable","16":"has-default-attributes"},"bundled_by":[],"bundle_stock_status":"instock","bundle_stock_quantity":null,"bundle_virtual":false,"bundle_layout":"","bundle_add_to_cart_form_location":"","bundle_editable_in_cart":false,"bundle_sold_individually_context":"","bundle_item_grouping":"","bundle_min_size":"","bundle_max_size":"","bundle_price":[],"bundled_items":[],"bundle_sell_ids":[],"_links":{"self":[{"href":"https:\/\/ibod-fse.s4.klixpert.dev\/ch\/wp-json\/wp\/v2\/product\/33160","targetHints":{"allow":["GET"]}}],"collection":[{"href":"https:\/\/ibod-fse.s4.klixpert.dev\/ch\/wp-json\/wp\/v2\/product"}],"about":[{"href":"https:\/\/ibod-fse.s4.klixpert.dev\/ch\/wp-json\/wp\/v2\/types\/product"}],"replies":[{"embeddable":true,"href":"https:\/\/ibod-fse.s4.klixpert.dev\/ch\/wp-json\/wp\/v2\/comments?post=33160"}],"wp:featuredmedia":[{"embeddable":true,"href":"https:\/\/ibod-fse.s4.klixpert.dev\/ch\/wp-json\/wp\/v2\/media\/33188"}],"wp:attachment":[{"href":"https:\/\/ibod-fse.s4.klixpert.dev\/ch\/wp-json\/wp\/v2\/media?parent=33160"}],"wp:term":[{"taxonomy":"product_brand","embeddable":true,"href":"https:\/\/ibod-fse.s4.klixpert.dev\/ch\/wp-json\/wp\/v2\/product_brand?post=33160"},{"taxonomy":"product_cat","embeddable":true,"href":"https:\/\/ibod-fse.s4.klixpert.dev\/ch\/wp-json\/wp\/v2\/product_cat?post=33160"},{"taxonomy":"product_tag","embeddable":true,"href":"https:\/\/ibod-fse.s4.klixpert.dev\/ch\/wp-json\/wp\/v2\/product_tag?post=33160"},{"taxonomy":"certificates","embeddable":true,"href":"https:\/\/ibod-fse.s4.klixpert.dev\/ch\/wp-json\/wp\/v2\/certificates?post=33160"}],"curies":[{"name":"wp","href":"https:\/\/api.w.org\/{rel}","templated":true}]}}