{"id":33110,"date":"2024-05-22T00:46:39","date_gmt":"2024-05-21T22:46:39","guid":{"rendered":"https:\/\/ibod-fse.s4.klixpert.dev\/shop\/unkategorisiert\/doppo-ambiente-boden-solido\/"},"modified":"2025-09-12T11:04:21","modified_gmt":"2025-09-12T09:04:21","slug":"doppo-ambiente-boden-solido","status":"publish","type":"product","link":"https:\/\/ibod-fse.s4.klixpert.dev\/ch\/shop\/bodenbeschichtungen\/boeden-mineralisch\/doppo-ambiente-boden-solido\/","title":{"rendered":"doppo Ambiente Boden Solido"},"content":{"rendered":"<ul>\n<li><strong>Farbe: <\/strong>Standardfarbe: Rohweiss, IBOD-01; weitere Farben aus der IBOD-Farbkolletion verf\u00fcgbar<\/li>\n<li><strong>Eigenschaften: <\/strong>mineralisch gebunden, sehr emissionsarm (EC1), \u00f6l- und treibstoffbest\u00e4ndig, feuchtigkeitsstabil, selbstentl\u00fcftend,\u00a0absolut spannungsarm,\u00a0sehr hohe Anfangsh\u00e4rte und Festigkeit<\/li>\n<li>\u00a0<strong>Schichtdicken: <\/strong>von mind. 2 bis 5 mm in einem Arbeitsgang<\/li>\n<li><strong>Verbrauch:<\/strong> 1,30kg\/m\u00b2\/mm<\/li>\n<\/ul>\n","protected":false},"excerpt":{"rendered":"<p>Sehr emissionsarme, mineralische Spachtelmasse zur Gestaltung von fugenlosen Spachtelb\u00f6den.<\/p>\n","protected":false},"featured_media":33168,"comment_status":"open","ping_status":"closed","template":"","meta":{"_configurator_enabled":"","_base_measure_price":0},"product_brand":[],"product_cat":[385],"product_tag":[],"certificates":[1358],"class_list":{"0":"post-33110","1":"product","2":"type-product","3":"status-publish","4":"has-post-thumbnail","6":"product_cat-boeden-mineralisch","7":"certificates-emicode-ec1-sehr-emissionsarm","9":"first","10":"instock","11":"taxable","12":"shipping-taxable","13":"product-type-bundle"},"bundled_by":[],"bundle_stock_status":"instock","bundle_stock_quantity":"","bundle_virtual":false,"bundle_layout":"default","bundle_add_to_cart_form_location":"default","bundle_editable_in_cart":true,"bundle_sold_individually_context":"product","bundle_item_grouping":"parent","bundle_min_size":"","bundle_max_size":"","bundle_price":{"price":{"min":{"incl_tax":"346.89","excl_tax":"289.07"},"max":{"incl_tax":"346.89","excl_tax":"289.07"}},"regular_price":{"min":{"incl_tax":"346.89","excl_tax":"289.07"},"max":{"incl_tax":"346.89","excl_tax":"289.07"}}},"bundled_items":[{"bundled_item_id":9,"product_id":35313,"menu_order":0,"quantity_min":1,"quantity_max":1,"quantity_default":1,"priced_individually":true,"shipped_individually":true,"override_title":false,"title":"doppo Farbpulver","override_description":false,"description":"","optional":false,"hide_thumbnail":true,"discount":"","override_variations":true,"allowed_variations":[35321,35326,35323,35341,35342,35352,35327,35316,35315,35328,35318,35330,35333,35344,35351,35339,35348,35335,35336,35343,35329,35319,35347,35350,35317,35349,35346,35331,35338,35334,35340,35324,35337,35325,35320,35345,35332],"override_default_variation_attributes":true,"default_variation_attributes":[{"id":5,"name":"Variante","option":"ambiente-boden-solido"}],"single_product_visibility":"visible","cart_visibility":"visible","order_visibility":"visible","single_product_price_visibility":"visible","cart_price_visibility":"visible","order_price_visibility":"visible","stock_status":"in_stock"}],"bundle_sell_ids":[],"_links":{"self":[{"href":"https:\/\/ibod-fse.s4.klixpert.dev\/ch\/wp-json\/wp\/v2\/product\/33110","targetHints":{"allow":["GET"]}}],"collection":[{"href":"https:\/\/ibod-fse.s4.klixpert.dev\/ch\/wp-json\/wp\/v2\/product"}],"about":[{"href":"https:\/\/ibod-fse.s4.klixpert.dev\/ch\/wp-json\/wp\/v2\/types\/product"}],"replies":[{"embeddable":true,"href":"https:\/\/ibod-fse.s4.klixpert.dev\/ch\/wp-json\/wp\/v2\/comments?post=33110"}],"wp:featuredmedia":[{"embeddable":true,"href":"https:\/\/ibod-fse.s4.klixpert.dev\/ch\/wp-json\/wp\/v2\/media\/33168"}],"wp:attachment":[{"href":"https:\/\/ibod-fse.s4.klixpert.dev\/ch\/wp-json\/wp\/v2\/media?parent=33110"}],"wp:term":[{"taxonomy":"product_brand","embeddable":true,"href":"https:\/\/ibod-fse.s4.klixpert.dev\/ch\/wp-json\/wp\/v2\/product_brand?post=33110"},{"taxonomy":"product_cat","embeddable":true,"href":"https:\/\/ibod-fse.s4.klixpert.dev\/ch\/wp-json\/wp\/v2\/product_cat?post=33110"},{"taxonomy":"product_tag","embeddable":true,"href":"https:\/\/ibod-fse.s4.klixpert.dev\/ch\/wp-json\/wp\/v2\/product_tag?post=33110"},{"taxonomy":"certificates","embeddable":true,"href":"https:\/\/ibod-fse.s4.klixpert.dev\/ch\/wp-json\/wp\/v2\/certificates?post=33110"}],"curies":[{"name":"wp","href":"https:\/\/api.w.org\/{rel}","templated":true}]}}