{"id":23134,"date":"2024-05-08T02:59:34","date_gmt":"2024-05-08T00:59:34","guid":{"rendered":"https:\/\/ibod-fse.s4.klixpert.dev\/shop-dev\/product\/doppo-polish\/"},"modified":"2026-02-17T12:40:25","modified_gmt":"2026-02-17T11:40:25","slug":"doppo-polish","status":"publish","type":"product","link":"https:\/\/ibod-fse.s4.klixpert.dev\/ch\/shop\/bodenbeschichtungen\/gussterrazzo\/doppo-polish\/","title":{"rendered":"doppo Polish Terrazzo"},"content":{"rendered":"<ul>\n<li><strong>Eigenschaften:\u00a0<\/strong>strapazierf\u00e4higen Film, abriebfest, Chemikalienbest\u00e4ndig<\/li>\n<li><strong>Ausf\u00fchrung:<\/strong> seidenmatt, matt<\/li>\n<li><strong>Verbrauch:<br \/>\n<\/strong>Gussterrazzo: ca. 0,04l\/m\u00b2<br \/>\nWaschputz: ca. ca. 0,05l\/m\u00b2<\/li>\n<\/ul>\n","protected":false},"excerpt":{"rendered":"<p>Oberfl\u00e4chenh\u00e4rter und mikrofilmbildende Oberfl\u00e4chenbehandlung f\u00fcr eine besonders resistente Gussterrazzo-Oberfl\u00e4che.<\/p>\n","protected":false},"featured_media":33025,"comment_status":"open","ping_status":"closed","template":"","meta":{"_configurator_enabled":"no","_base_measure_price":0},"product_brand":[],"product_cat":[398,382,1205,390,1201],"product_tag":[],"certificates":[],"class_list":{"0":"post-23134","1":"product","2":"type-product","3":"status-publish","4":"has-post-thumbnail","6":"product_cat-doppo-waschputz-mediterran","7":"product_cat-estrichtechnik","8":"product_cat-gussterrazzo","9":"product_cat-versiegelungen","10":"product_cat-versiegelungen-bodenbeschichtungen","12":"first","13":"instock","14":"taxable","15":"shipping-taxable","16":"product-type-variable"},"bundled_by":[],"bundle_stock_status":"instock","bundle_stock_quantity":null,"bundle_virtual":false,"bundle_layout":"","bundle_add_to_cart_form_location":"","bundle_editable_in_cart":false,"bundle_sold_individually_context":"","bundle_item_grouping":"","bundle_min_size":"","bundle_max_size":"","bundle_price":[],"bundled_items":[],"bundle_sell_ids":[],"_links":{"self":[{"href":"https:\/\/ibod-fse.s4.klixpert.dev\/ch\/wp-json\/wp\/v2\/product\/23134","targetHints":{"allow":["GET"]}}],"collection":[{"href":"https:\/\/ibod-fse.s4.klixpert.dev\/ch\/wp-json\/wp\/v2\/product"}],"about":[{"href":"https:\/\/ibod-fse.s4.klixpert.dev\/ch\/wp-json\/wp\/v2\/types\/product"}],"replies":[{"embeddable":true,"href":"https:\/\/ibod-fse.s4.klixpert.dev\/ch\/wp-json\/wp\/v2\/comments?post=23134"}],"wp:featuredmedia":[{"embeddable":true,"href":"https:\/\/ibod-fse.s4.klixpert.dev\/ch\/wp-json\/wp\/v2\/media\/33025"}],"wp:attachment":[{"href":"https:\/\/ibod-fse.s4.klixpert.dev\/ch\/wp-json\/wp\/v2\/media?parent=23134"}],"wp:term":[{"taxonomy":"product_brand","embeddable":true,"href":"https:\/\/ibod-fse.s4.klixpert.dev\/ch\/wp-json\/wp\/v2\/product_brand?post=23134"},{"taxonomy":"product_cat","embeddable":true,"href":"https:\/\/ibod-fse.s4.klixpert.dev\/ch\/wp-json\/wp\/v2\/product_cat?post=23134"},{"taxonomy":"product_tag","embeddable":true,"href":"https:\/\/ibod-fse.s4.klixpert.dev\/ch\/wp-json\/wp\/v2\/product_tag?post=23134"},{"taxonomy":"certificates","embeddable":true,"href":"https:\/\/ibod-fse.s4.klixpert.dev\/ch\/wp-json\/wp\/v2\/certificates?post=23134"}],"curies":[{"name":"wp","href":"https:\/\/api.w.org\/{rel}","templated":true}]}}