{"id":23122,"date":"2024-05-08T02:59:23","date_gmt":"2024-05-08T00:59:23","guid":{"rendered":"https:\/\/ibod-fse.s4.klixpert.dev\/shop-dev\/product\/doppo-pu-c520\/"},"modified":"2025-04-03T13:34:00","modified_gmt":"2025-04-03T11:34:00","slug":"doppo-pu-c520","status":"publish","type":"product","link":"https:\/\/ibod-fse.s4.klixpert.dev\/ch\/shop\/bodenbeschichtungen\/kunstharz-beschichtung\/doppo-pu-c520\/","title":{"rendered":"doppo PU C520"},"content":{"rendered":"<ul>\n<li><strong>Eigenschaften:<\/strong> gebrauchsfertig, strapazierf\u00e4hig, UV-best\u00e4ndig, mechanisch und chemisch best\u00e4ndig, leicht zu reinigen, verschiedene Farben (RAL)<\/li>\n<li><strong>Verpackung:<\/strong> Komp. A+B\u00a0 = 25 kg Gebinde; Gebinde A = 19,5 kg UN 3082\/9 III; B = 5,5 kg UN 2735\/8 III<\/li>\n<li><strong>Verbrauch:<br \/>\n<\/strong>glatter Verlauf: 2,20kg\/m\u00b2<br \/>\n100 % Bechipsung: 2,20kg\/m\u00b2<br \/>\n30 % Bechipsung: 2,20kg\/m\u00b2<\/li>\n<\/ul>\n","protected":false},"excerpt":{"rendered":"<p>UV-best\u00e4ndige, pigmentierte, gebrauchsfertige, trittschalld\u00e4mmende, elastische l\u00f6semittelfreie 2K-Beschichtungsmasse aus hochwertigem Polyurethanharz.<\/p>\n","protected":false},"featured_media":34960,"comment_status":"open","ping_status":"closed","template":"","meta":{"_configurator_enabled":"","_base_measure_price":0},"product_brand":[],"product_cat":[389],"product_tag":[],"certificates":[],"class_list":{"0":"post-23122","1":"product","2":"type-product","3":"status-publish","4":"has-post-thumbnail","6":"product_cat-kunstharz-beschichtung","8":"first","9":"instock","10":"taxable","11":"shipping-taxable","12":"product-type-variable","13":"has-default-attributes"},"bundled_by":[],"bundle_stock_status":"instock","bundle_stock_quantity":null,"bundle_virtual":false,"bundle_layout":"","bundle_add_to_cart_form_location":"","bundle_editable_in_cart":false,"bundle_sold_individually_context":"","bundle_item_grouping":"","bundle_min_size":"","bundle_max_size":"","bundle_price":[],"bundled_items":[],"bundle_sell_ids":[],"_links":{"self":[{"href":"https:\/\/ibod-fse.s4.klixpert.dev\/ch\/wp-json\/wp\/v2\/product\/23122","targetHints":{"allow":["GET"]}}],"collection":[{"href":"https:\/\/ibod-fse.s4.klixpert.dev\/ch\/wp-json\/wp\/v2\/product"}],"about":[{"href":"https:\/\/ibod-fse.s4.klixpert.dev\/ch\/wp-json\/wp\/v2\/types\/product"}],"replies":[{"embeddable":true,"href":"https:\/\/ibod-fse.s4.klixpert.dev\/ch\/wp-json\/wp\/v2\/comments?post=23122"}],"wp:featuredmedia":[{"embeddable":true,"href":"https:\/\/ibod-fse.s4.klixpert.dev\/ch\/wp-json\/wp\/v2\/media\/34960"}],"wp:attachment":[{"href":"https:\/\/ibod-fse.s4.klixpert.dev\/ch\/wp-json\/wp\/v2\/media?parent=23122"}],"wp:term":[{"taxonomy":"product_brand","embeddable":true,"href":"https:\/\/ibod-fse.s4.klixpert.dev\/ch\/wp-json\/wp\/v2\/product_brand?post=23122"},{"taxonomy":"product_cat","embeddable":true,"href":"https:\/\/ibod-fse.s4.klixpert.dev\/ch\/wp-json\/wp\/v2\/product_cat?post=23122"},{"taxonomy":"product_tag","embeddable":true,"href":"https:\/\/ibod-fse.s4.klixpert.dev\/ch\/wp-json\/wp\/v2\/product_tag?post=23122"},{"taxonomy":"certificates","embeddable":true,"href":"https:\/\/ibod-fse.s4.klixpert.dev\/ch\/wp-json\/wp\/v2\/certificates?post=23122"}],"curies":[{"name":"wp","href":"https:\/\/api.w.org\/{rel}","templated":true}]}}