{"id":23052,"date":"2024-05-08T02:58:23","date_gmt":"2024-05-08T00:58:23","guid":{"rendered":"https:\/\/ibod-fse.s4.klixpert.dev\/shop-dev\/product\/doppo-marmorsilikon\/"},"modified":"2025-04-03T13:49:13","modified_gmt":"2025-04-03T11:49:13","slug":"doppo-marmorsilikon","status":"publish","type":"product","link":"https:\/\/ibod-fse.s4.klixpert.dev\/ch\/shop\/1k-beschichtung-wand-und-boden\/doppo-marmorsilikon\/","title":{"rendered":"doppo Marmorsilikon"},"content":{"rendered":"<ul>\n<li><strong>Eigenschaften: \u00d6LFREI,<\/strong> auf Oxim-Basis (neutralvernetzt), keine Ausbl\u00fchungen, UV-, wetter-, wasser-, feuchtigkeits- und schimmelbest\u00e4ndig, l\u00f6semittelfrei, in allen 64 IBOD-Standardfarben erh\u00e4ltlich, auch in RAL und NCS<\/li>\n<li><strong>Verbrauch: <\/strong>1 Kartusche (310ml) reicht f\u00fcr ca. 5 lfm<\/li>\n<\/ul>\n","protected":false},"excerpt":{"rendered":"<p>\u00d6lfreier, hochwertiger, 1-komponentiger, weichmacherfreier Fugendichtstoff auf Oxim-Basis.<\/p>\n","protected":false},"featured_media":33078,"comment_status":"open","ping_status":"closed","template":"","meta":{"_configurator_enabled":"","_base_measure_price":0},"product_brand":[],"product_cat":[1363,444],"product_tag":[],"certificates":[],"class_list":{"0":"post-23052","1":"product","2":"type-product","3":"status-publish","4":"has-post-thumbnail","6":"product_cat-1k-beschichtung-wand-und-boden","7":"product_cat-dichtstoffe","9":"first","10":"instock","11":"taxable","12":"shipping-taxable","13":"product-type-variable","14":"has-default-attributes"},"bundled_by":[],"bundle_stock_status":"instock","bundle_stock_quantity":null,"bundle_virtual":false,"bundle_layout":"","bundle_add_to_cart_form_location":"","bundle_editable_in_cart":false,"bundle_sold_individually_context":"","bundle_item_grouping":"","bundle_min_size":"","bundle_max_size":"","bundle_price":[],"bundled_items":[],"bundle_sell_ids":[],"_links":{"self":[{"href":"https:\/\/ibod-fse.s4.klixpert.dev\/ch\/wp-json\/wp\/v2\/product\/23052","targetHints":{"allow":["GET"]}}],"collection":[{"href":"https:\/\/ibod-fse.s4.klixpert.dev\/ch\/wp-json\/wp\/v2\/product"}],"about":[{"href":"https:\/\/ibod-fse.s4.klixpert.dev\/ch\/wp-json\/wp\/v2\/types\/product"}],"replies":[{"embeddable":true,"href":"https:\/\/ibod-fse.s4.klixpert.dev\/ch\/wp-json\/wp\/v2\/comments?post=23052"}],"wp:featuredmedia":[{"embeddable":true,"href":"https:\/\/ibod-fse.s4.klixpert.dev\/ch\/wp-json\/wp\/v2\/media\/33078"}],"wp:attachment":[{"href":"https:\/\/ibod-fse.s4.klixpert.dev\/ch\/wp-json\/wp\/v2\/media?parent=23052"}],"wp:term":[{"taxonomy":"product_brand","embeddable":true,"href":"https:\/\/ibod-fse.s4.klixpert.dev\/ch\/wp-json\/wp\/v2\/product_brand?post=23052"},{"taxonomy":"product_cat","embeddable":true,"href":"https:\/\/ibod-fse.s4.klixpert.dev\/ch\/wp-json\/wp\/v2\/product_cat?post=23052"},{"taxonomy":"product_tag","embeddable":true,"href":"https:\/\/ibod-fse.s4.klixpert.dev\/ch\/wp-json\/wp\/v2\/product_tag?post=23052"},{"taxonomy":"certificates","embeddable":true,"href":"https:\/\/ibod-fse.s4.klixpert.dev\/ch\/wp-json\/wp\/v2\/certificates?post=23052"}],"curies":[{"name":"wp","href":"https:\/\/api.w.org\/{rel}","templated":true}]}}