{"id":22490,"date":"2024-05-08T01:48:57","date_gmt":"2024-05-07T23:48:57","guid":{"rendered":"https:\/\/ibod-fse.s4.klixpert.dev\/shop-dev\/product\/doppo-styro-speed-v1-trocknungsbeschleuniger-eps-schuettungen-25kg-geb\/"},"modified":"2024-08-02T10:03:55","modified_gmt":"2024-08-02T08:03:55","slug":"doppo-styro-speed-v1-trocknungsbeschleuniger-eps-schuettungen-25kg-geb","status":"publish","type":"product","link":"https:\/\/ibod-fse.s4.klixpert.dev\/ch\/shop\/estrichtechnik\/doppo-styro-speed-v1-trocknungsbeschleuniger-eps-schuettungen-25kg-geb\/","title":{"rendered":"doppo Styro Speed V1"},"content":{"rendered":"<ul>\n<li><strong>Eigenschaften:\u00a0<\/strong>Reduktion des Anmachwassers von ca. 40%,\u00a0umweltfreundlich, chloridfrei, baubiologisch unbedenklich, VOC-, formaldehyd- und l\u00f6semittelfrei<\/li>\n<li><strong>Verpackung: <\/strong>1 Kanister = 25 kg<\/li>\n<li><strong>Verbrauch: <\/strong>2,0 % v. Zementgewicht<\/li>\n<\/ul>\n<p>&nbsp;<\/p>\n","protected":false},"excerpt":{"rendered":"<p>Fl\u00fcssiger, chloridfreier Trocknungsbeschleuniger f\u00fcr zementgebundene EPS-Sch\u00fcttungen zur Verk\u00fcrzung der Belegereife auf ca. 2 Tage.<\/p>\n","protected":false},"featured_media":35016,"comment_status":"open","ping_status":"closed","template":"","meta":{"_configurator_enabled":"","_base_measure_price":0},"product_brand":[],"product_cat":[382],"product_tag":[],"certificates":[],"class_list":{"0":"post-22490","1":"product","2":"type-product","3":"status-publish","4":"has-post-thumbnail","6":"product_cat-estrichtechnik","8":"first","9":"instock","10":"taxable","11":"shipping-taxable","12":"product-type-simple"},"bundled_by":[],"bundle_stock_status":"instock","bundle_stock_quantity":null,"bundle_virtual":false,"bundle_layout":"","bundle_add_to_cart_form_location":"","bundle_editable_in_cart":false,"bundle_sold_individually_context":"","bundle_item_grouping":"","bundle_min_size":"","bundle_max_size":"","bundle_price":[],"bundled_items":[],"bundle_sell_ids":[],"_links":{"self":[{"href":"https:\/\/ibod-fse.s4.klixpert.dev\/ch\/wp-json\/wp\/v2\/product\/22490","targetHints":{"allow":["GET"]}}],"collection":[{"href":"https:\/\/ibod-fse.s4.klixpert.dev\/ch\/wp-json\/wp\/v2\/product"}],"about":[{"href":"https:\/\/ibod-fse.s4.klixpert.dev\/ch\/wp-json\/wp\/v2\/types\/product"}],"replies":[{"embeddable":true,"href":"https:\/\/ibod-fse.s4.klixpert.dev\/ch\/wp-json\/wp\/v2\/comments?post=22490"}],"wp:featuredmedia":[{"embeddable":true,"href":"https:\/\/ibod-fse.s4.klixpert.dev\/ch\/wp-json\/wp\/v2\/media\/35016"}],"wp:attachment":[{"href":"https:\/\/ibod-fse.s4.klixpert.dev\/ch\/wp-json\/wp\/v2\/media?parent=22490"}],"wp:term":[{"taxonomy":"product_brand","embeddable":true,"href":"https:\/\/ibod-fse.s4.klixpert.dev\/ch\/wp-json\/wp\/v2\/product_brand?post=22490"},{"taxonomy":"product_cat","embeddable":true,"href":"https:\/\/ibod-fse.s4.klixpert.dev\/ch\/wp-json\/wp\/v2\/product_cat?post=22490"},{"taxonomy":"product_tag","embeddable":true,"href":"https:\/\/ibod-fse.s4.klixpert.dev\/ch\/wp-json\/wp\/v2\/product_tag?post=22490"},{"taxonomy":"certificates","embeddable":true,"href":"https:\/\/ibod-fse.s4.klixpert.dev\/ch\/wp-json\/wp\/v2\/certificates?post=22490"}],"curies":[{"name":"wp","href":"https:\/\/api.w.org\/{rel}","templated":true}]}}