{"id":22478,"date":"2024-05-08T01:48:31","date_gmt":"2024-05-07T23:48:31","guid":{"rendered":"https:\/\/ibod-fse.s4.klixpert.dev\/shop-dev\/product\/sortimentsbox-doppo-glasgranulat-doppo-marmorsplitt-doppo-muschelsplitt\/"},"modified":"2024-10-31T14:42:23","modified_gmt":"2024-10-31T13:42:23","slug":"sortimentsbox-doppo-glasgranulat-doppo-marmorsplitt-doppo-muschelsplitt","status":"publish","type":"product","link":"https:\/\/ibod-fse.s4.klixpert.dev\/ch\/shop\/bodenbeschichtungen\/gussterrazzo\/sortimentsbox-doppo-glasgranulat-doppo-marmorsplitt-doppo-muschelsplitt\/","title":{"rendered":"Sortimentsbox  doppo Glasgranulat doppo Marmorsplitt doppo Muschelsplitt"},"content":{"rendered":"<p>Sortimentsbox, perfekt f\u00fcr die kreative und vielseitige Bodengestaltung.<\/p>\n<p><strong>Inhalte:<\/strong><\/p>\n<ul>\n<li><strong>doppo Glasgranulat:<\/strong> Ideal f\u00fcr dekorative Oberfl\u00e4chengestaltungen.<\/li>\n<li><strong>doppo Marmorsplitt:<\/strong> Hochwertig f\u00fcr Terrazzob\u00f6den, robust und \u00e4sthetisch.<\/li>\n<li><strong>doppo Muschelsplitt:<\/strong> Einzigartig f\u00fcr naturnahe und kreative Projekte.<\/li>\n<\/ul>\n<p><strong>Eigenschaften:<\/strong><\/p>\n<ul>\n<li>Vielseitig einsetzbar in verschiedensten Gestaltungskonzepten.<\/li>\n<li>Langlebig und pflegeleicht.<\/li>\n<li>Stilvolle und einzigartige Optik f\u00fcr jeden Raum.<\/li>\n<\/ul>\n<p>Ideal f\u00fcr Planer, Architekten und Gestalter, die individuelle und nat\u00fcrliche Materialien bevorzugen. Eignet sich hervorragend f\u00fcr gewerbliche als auch private Projekte.<\/p>\n","protected":false},"excerpt":{"rendered":"<p>Sortimentsbox mit doppo Glasgranulat, doppo Marmorsplitt &amp; doppo Muschelsplitt f\u00fcr vielseitige Bodengestaltung.<\/p>\n","protected":false},"featured_media":0,"comment_status":"open","ping_status":"closed","template":"","meta":{"_configurator_enabled":"","_base_measure_price":0},"product_brand":[],"product_cat":[1205,1383],"product_tag":[],"certificates":[],"class_list":{"0":"post-22478","1":"product","2":"type-product","3":"status-publish","5":"product_cat-gussterrazzo","6":"product_cat-sonderartikel","8":"first","9":"instock","10":"taxable","11":"shipping-taxable","12":"product-type-simple"},"bundled_by":[],"bundle_stock_status":"instock","bundle_stock_quantity":null,"bundle_virtual":false,"bundle_layout":"","bundle_add_to_cart_form_location":"","bundle_editable_in_cart":false,"bundle_sold_individually_context":"","bundle_item_grouping":"","bundle_min_size":"","bundle_max_size":"","bundle_price":[],"bundled_items":[],"bundle_sell_ids":[],"_links":{"self":[{"href":"https:\/\/ibod-fse.s4.klixpert.dev\/ch\/wp-json\/wp\/v2\/product\/22478","targetHints":{"allow":["GET"]}}],"collection":[{"href":"https:\/\/ibod-fse.s4.klixpert.dev\/ch\/wp-json\/wp\/v2\/product"}],"about":[{"href":"https:\/\/ibod-fse.s4.klixpert.dev\/ch\/wp-json\/wp\/v2\/types\/product"}],"replies":[{"embeddable":true,"href":"https:\/\/ibod-fse.s4.klixpert.dev\/ch\/wp-json\/wp\/v2\/comments?post=22478"}],"wp:attachment":[{"href":"https:\/\/ibod-fse.s4.klixpert.dev\/ch\/wp-json\/wp\/v2\/media?parent=22478"}],"wp:term":[{"taxonomy":"product_brand","embeddable":true,"href":"https:\/\/ibod-fse.s4.klixpert.dev\/ch\/wp-json\/wp\/v2\/product_brand?post=22478"},{"taxonomy":"product_cat","embeddable":true,"href":"https:\/\/ibod-fse.s4.klixpert.dev\/ch\/wp-json\/wp\/v2\/product_cat?post=22478"},{"taxonomy":"product_tag","embeddable":true,"href":"https:\/\/ibod-fse.s4.klixpert.dev\/ch\/wp-json\/wp\/v2\/product_tag?post=22478"},{"taxonomy":"certificates","embeddable":true,"href":"https:\/\/ibod-fse.s4.klixpert.dev\/ch\/wp-json\/wp\/v2\/certificates?post=22478"}],"curies":[{"name":"wp","href":"https:\/\/api.w.org\/{rel}","templated":true}]}}