{"id":22474,"date":"2024-05-08T01:48:23","date_gmt":"2024-05-07T23:48:23","guid":{"rendered":"https:\/\/ibod-fse.s4.klixpert.dev\/shop-dev\/product\/doppo-kraftreiniger-1-lt-gebinde\/"},"modified":"2025-05-12T17:31:24","modified_gmt":"2025-05-12T15:31:24","slug":"doppo-kraftreiniger-1-lt-gebinde","status":"publish","type":"product","link":"https:\/\/ibod-fse.s4.klixpert.dev\/ch\/shop\/pflege-und-reinigungsmittel\/doppo-kraftreiniger-1-lt-gebinde\/","title":{"rendered":"doppo Kraftreiniger"},"content":{"rendered":"<ul>\n<li>Kraftvolle Reinigungsleistung<\/li>\n<li>Ideal f\u00fcr gewerbliche und industrielle Einsatzbereiche<\/li>\n<li>Einfache Handhabung und Anwendung<\/li>\n<li>Geeignet f\u00fcr manuelle und maschinelle Reinigungsmethoden<\/li>\n<\/ul>\n<p><strong>Sicherheit:<\/strong> Entspricht den aktuellen Sicherheitsstandards f\u00fcr Reinigungsprodukte in gewerblichen Umgebungen.<\/p>\n<p><strong>Verpackung:<\/strong> 1 Liter Gebinde, optimal f\u00fcr den professionellen Einsatz.<\/p>\n","protected":false},"excerpt":{"rendered":"<p>doppo Kraftreiniger 1 lt: Spezialreiniger f\u00fcr wasserfeste Oberfl\u00e4chen und hartn\u00e4ckige Verschmutzungen.<\/p>\n","protected":false},"featured_media":33012,"comment_status":"open","ping_status":"closed","template":"","meta":{"_configurator_enabled":"","_base_measure_price":0},"product_brand":[],"product_cat":[1253],"product_tag":[],"certificates":[],"class_list":{"0":"post-22474","1":"product","2":"type-product","3":"status-publish","4":"has-post-thumbnail","6":"product_cat-pflege-und-reinigungsmittel","8":"first","9":"instock","10":"taxable","11":"shipping-taxable","12":"product-type-simple"},"bundled_by":[],"bundle_stock_status":"instock","bundle_stock_quantity":null,"bundle_virtual":false,"bundle_layout":"","bundle_add_to_cart_form_location":"","bundle_editable_in_cart":false,"bundle_sold_individually_context":"","bundle_item_grouping":"","bundle_min_size":"","bundle_max_size":"","bundle_price":[],"bundled_items":[],"bundle_sell_ids":[],"_links":{"self":[{"href":"https:\/\/ibod-fse.s4.klixpert.dev\/ch\/wp-json\/wp\/v2\/product\/22474","targetHints":{"allow":["GET"]}}],"collection":[{"href":"https:\/\/ibod-fse.s4.klixpert.dev\/ch\/wp-json\/wp\/v2\/product"}],"about":[{"href":"https:\/\/ibod-fse.s4.klixpert.dev\/ch\/wp-json\/wp\/v2\/types\/product"}],"replies":[{"embeddable":true,"href":"https:\/\/ibod-fse.s4.klixpert.dev\/ch\/wp-json\/wp\/v2\/comments?post=22474"}],"wp:featuredmedia":[{"embeddable":true,"href":"https:\/\/ibod-fse.s4.klixpert.dev\/ch\/wp-json\/wp\/v2\/media\/33012"}],"wp:attachment":[{"href":"https:\/\/ibod-fse.s4.klixpert.dev\/ch\/wp-json\/wp\/v2\/media?parent=22474"}],"wp:term":[{"taxonomy":"product_brand","embeddable":true,"href":"https:\/\/ibod-fse.s4.klixpert.dev\/ch\/wp-json\/wp\/v2\/product_brand?post=22474"},{"taxonomy":"product_cat","embeddable":true,"href":"https:\/\/ibod-fse.s4.klixpert.dev\/ch\/wp-json\/wp\/v2\/product_cat?post=22474"},{"taxonomy":"product_tag","embeddable":true,"href":"https:\/\/ibod-fse.s4.klixpert.dev\/ch\/wp-json\/wp\/v2\/product_tag?post=22474"},{"taxonomy":"certificates","embeddable":true,"href":"https:\/\/ibod-fse.s4.klixpert.dev\/ch\/wp-json\/wp\/v2\/certificates?post=22474"}],"curies":[{"name":"wp","href":"https:\/\/api.w.org\/{rel}","templated":true}]}}