{"id":22453,"date":"2024-05-08T01:47:42","date_gmt":"2024-05-07T23:47:42","guid":{"rendered":"https:\/\/ibod-fse.s4.klixpert.dev\/shop-dev\/product\/doppo-ez-mix-estrichzusatzmittel-25kg-geb\/"},"modified":"2025-04-03T12:54:21","modified_gmt":"2025-04-03T10:54:21","slug":"doppo-ez-mix-estrichzusatzmittel-25kg-geb","status":"publish","type":"product","link":"https:\/\/ibod-fse.s4.klixpert.dev\/ch\/shop\/estrichtechnik\/doppo-ez-mix-estrichzusatzmittel-25kg-geb\/","title":{"rendered":"doppo EZ-MIX"},"content":{"rendered":"<ul>\n<li><strong>Eigenschaften:<\/strong> Beschleunigt Estrichh\u00e4rtung und Feuchtigkeitsabbau, leichteres Abziehen, verbesserte Gl\u00e4ttbarkeit, frei von VOC, Formaldehyd und L\u00f6semittel<\/li>\n<li><strong>Verbrauch: <\/strong>0,7-1,0 % v. Zementgewicht richtet sich nach der gew\u00fcnschten Austrocknungsdauer<br \/>\n7 Tage: 2,50 kg\/m\u00b3<br \/>\n14 Tage: 1,75kg\/m\u00b3<br \/>\n21 Tage: 1,50kg\/m\u00b3<\/li>\n<li><strong>Verpackung: <\/strong>1 Kanister = 25 kg<\/li>\n<\/ul>\n","protected":false},"excerpt":{"rendered":"<p>Beschleunigendes, fl\u00fcssiges Estrichzusatzmittel f\u00fcr zementgebundene Estriche zur Erzielung einer schnelleren Belegereife. Bessere Verarbeitbarkeit und rascher Feuchtigkeitsabbau bereits nach 7, 14 und 21 Tagen.<\/p>\n","protected":false},"featured_media":34980,"comment_status":"open","ping_status":"closed","template":"","meta":{"_configurator_enabled":"","_base_measure_price":0},"product_brand":[],"product_cat":[382],"product_tag":[],"certificates":[],"class_list":{"0":"post-22453","1":"product","2":"type-product","3":"status-publish","4":"has-post-thumbnail","6":"product_cat-estrichtechnik","8":"first","9":"instock","10":"taxable","11":"shipping-taxable","12":"product-type-simple"},"bundled_by":[],"bundle_stock_status":"instock","bundle_stock_quantity":null,"bundle_virtual":false,"bundle_layout":"","bundle_add_to_cart_form_location":"","bundle_editable_in_cart":false,"bundle_sold_individually_context":"","bundle_item_grouping":"","bundle_min_size":"","bundle_max_size":"","bundle_price":[],"bundled_items":[],"bundle_sell_ids":[],"_links":{"self":[{"href":"https:\/\/ibod-fse.s4.klixpert.dev\/ch\/wp-json\/wp\/v2\/product\/22453","targetHints":{"allow":["GET"]}}],"collection":[{"href":"https:\/\/ibod-fse.s4.klixpert.dev\/ch\/wp-json\/wp\/v2\/product"}],"about":[{"href":"https:\/\/ibod-fse.s4.klixpert.dev\/ch\/wp-json\/wp\/v2\/types\/product"}],"replies":[{"embeddable":true,"href":"https:\/\/ibod-fse.s4.klixpert.dev\/ch\/wp-json\/wp\/v2\/comments?post=22453"}],"wp:featuredmedia":[{"embeddable":true,"href":"https:\/\/ibod-fse.s4.klixpert.dev\/ch\/wp-json\/wp\/v2\/media\/34980"}],"wp:attachment":[{"href":"https:\/\/ibod-fse.s4.klixpert.dev\/ch\/wp-json\/wp\/v2\/media?parent=22453"}],"wp:term":[{"taxonomy":"product_brand","embeddable":true,"href":"https:\/\/ibod-fse.s4.klixpert.dev\/ch\/wp-json\/wp\/v2\/product_brand?post=22453"},{"taxonomy":"product_cat","embeddable":true,"href":"https:\/\/ibod-fse.s4.klixpert.dev\/ch\/wp-json\/wp\/v2\/product_cat?post=22453"},{"taxonomy":"product_tag","embeddable":true,"href":"https:\/\/ibod-fse.s4.klixpert.dev\/ch\/wp-json\/wp\/v2\/product_tag?post=22453"},{"taxonomy":"certificates","embeddable":true,"href":"https:\/\/ibod-fse.s4.klixpert.dev\/ch\/wp-json\/wp\/v2\/certificates?post=22453"}],"curies":[{"name":"wp","href":"https:\/\/api.w.org\/{rel}","templated":true}]}}