{"id":22449,"date":"2024-05-08T01:47:33","date_gmt":"2024-05-07T23:47:33","guid":{"rendered":"https:\/\/ibod-fse.s4.klixpert.dev\/shop-dev\/product\/doppo-ambiente-abdichtung-15-kg-gebinde\/"},"modified":"2025-05-12T17:23:03","modified_gmt":"2025-05-12T15:23:03","slug":"doppo-ambiente-abdichtung-15-kg-gebinde","status":"publish","type":"product","link":"https:\/\/ibod-fse.s4.klixpert.dev\/ch\/shop\/abdichtung\/doppo-ambiente-abdichtung-15-kg-gebinde\/","title":{"rendered":"doppo Ambiente Abdichtung"},"content":{"rendered":"<ul>\n<li><strong>Eigenschaften:<\/strong>W1 bis W6, druckwasserbest\u00e4ndig, hoch flexibel, tieftemperaturelastisch, riss\u00fcberbr\u00fcckend, wasserundurchl\u00e4ssig, wasserdampfdurchl\u00e4ssig, sehr leicht verarbeitbar, sehr gute Haftung<\/li>\n<li><strong>Verpackung:\u00a0<\/strong>1 Eimer = 15 kg<\/li>\n<li><strong>Verbrauch:<\/strong> ca. 3,0 kg \/ m\u00b2 und 2 mm, mind. 2 Schichten<\/li>\n<\/ul>\n","protected":false},"excerpt":{"rendered":"<p>Einkomponentige, zementgebundene, flexible Abdichtung f\u00fcr stark nassbeanspruchte Bereiche.<\/p>\n","protected":false},"featured_media":29593,"comment_status":"open","ping_status":"closed","template":"","meta":{"_configurator_enabled":"","_base_measure_price":0},"product_brand":[],"product_cat":[383],"product_tag":[],"certificates":[],"class_list":{"0":"post-22449","1":"product","2":"type-product","3":"status-publish","4":"has-post-thumbnail","6":"product_cat-abdichtung","8":"first","9":"instock","10":"taxable","11":"shipping-taxable","12":"product-type-simple"},"bundled_by":[],"bundle_stock_status":"instock","bundle_stock_quantity":null,"bundle_virtual":false,"bundle_layout":"","bundle_add_to_cart_form_location":"","bundle_editable_in_cart":false,"bundle_sold_individually_context":"","bundle_item_grouping":"","bundle_min_size":"","bundle_max_size":"","bundle_price":[],"bundled_items":[],"bundle_sell_ids":[],"_links":{"self":[{"href":"https:\/\/ibod-fse.s4.klixpert.dev\/ch\/wp-json\/wp\/v2\/product\/22449","targetHints":{"allow":["GET"]}}],"collection":[{"href":"https:\/\/ibod-fse.s4.klixpert.dev\/ch\/wp-json\/wp\/v2\/product"}],"about":[{"href":"https:\/\/ibod-fse.s4.klixpert.dev\/ch\/wp-json\/wp\/v2\/types\/product"}],"replies":[{"embeddable":true,"href":"https:\/\/ibod-fse.s4.klixpert.dev\/ch\/wp-json\/wp\/v2\/comments?post=22449"}],"wp:featuredmedia":[{"embeddable":true,"href":"https:\/\/ibod-fse.s4.klixpert.dev\/ch\/wp-json\/wp\/v2\/media\/29593"}],"wp:attachment":[{"href":"https:\/\/ibod-fse.s4.klixpert.dev\/ch\/wp-json\/wp\/v2\/media?parent=22449"}],"wp:term":[{"taxonomy":"product_brand","embeddable":true,"href":"https:\/\/ibod-fse.s4.klixpert.dev\/ch\/wp-json\/wp\/v2\/product_brand?post=22449"},{"taxonomy":"product_cat","embeddable":true,"href":"https:\/\/ibod-fse.s4.klixpert.dev\/ch\/wp-json\/wp\/v2\/product_cat?post=22449"},{"taxonomy":"product_tag","embeddable":true,"href":"https:\/\/ibod-fse.s4.klixpert.dev\/ch\/wp-json\/wp\/v2\/product_tag?post=22449"},{"taxonomy":"certificates","embeddable":true,"href":"https:\/\/ibod-fse.s4.klixpert.dev\/ch\/wp-json\/wp\/v2\/certificates?post=22449"}],"curies":[{"name":"wp","href":"https:\/\/api.w.org\/{rel}","templated":true}]}}