{"id":22442,"date":"2024-05-08T01:47:19","date_gmt":"2024-05-07T23:47:19","guid":{"rendered":"https:\/\/ibod-fse.s4.klixpert.dev\/shop-dev\/product\/doppo-standfest-spachtelmasse-1-sack-25-kg-1-palette-1000-kg\/"},"modified":"2025-04-03T13:12:40","modified_gmt":"2025-04-03T11:12:40","slug":"doppo-standfest-spachtelmasse-1-sack-25-kg-1-palette-1000-kg","status":"publish","type":"product","link":"https:\/\/ibod-fse.s4.klixpert.dev\/ch\/shop\/ausgleichsspachtelmassen\/doppo-standfest-spachtelmasse-1-sack-25-kg-1-palette-1000-kg\/","title":{"rendered":"doppo Standfest Spachtelmasse"},"content":{"rendered":"<ul>\n<li><strong>Eigenschaften:<\/strong> schnelle nachfolgende Verlegung<\/li>\n<li><strong>Schichtst\u00e4rken<\/strong>: f\u00fcr bis 20 mm in einem Arbeitsgang, Verf\u00fcllung mit Quarzsand (0,7-1,2 mm) erm\u00f6glicht eine Schichtst\u00e4rke von bis zu 60 mm in einem Arbeitsgang<\/li>\n<li><strong>Verpackung: <\/strong>1 Sack = 25 kg<\/li>\n<li><strong>Verbrauch: <\/strong>ca. 1,6 kg\/m2 und mm Schichtst\u00e4rke<\/li>\n<\/ul>\n","protected":false},"excerpt":{"rendered":"<p>Zementgebundene, kunststoffmodifizierte, standfeste Spachtelmasse zum Ausbessern, nivellieren, f\u00fcllen.<\/p>\n","protected":false},"featured_media":34304,"comment_status":"open","ping_status":"closed","template":"","meta":{"_configurator_enabled":"","_base_measure_price":0},"product_brand":[],"product_cat":[384],"product_tag":[],"certificates":[],"class_list":{"0":"post-22442","1":"product","2":"type-product","3":"status-publish","4":"has-post-thumbnail","6":"product_cat-ausgleichsspachtelmassen","8":"first","9":"instock","10":"taxable","11":"shipping-taxable","12":"product-type-simple"},"bundled_by":[],"bundle_stock_status":"instock","bundle_stock_quantity":null,"bundle_virtual":false,"bundle_layout":"","bundle_add_to_cart_form_location":"","bundle_editable_in_cart":false,"bundle_sold_individually_context":"","bundle_item_grouping":"","bundle_min_size":"","bundle_max_size":"","bundle_price":[],"bundled_items":[],"bundle_sell_ids":[],"_links":{"self":[{"href":"https:\/\/ibod-fse.s4.klixpert.dev\/ch\/wp-json\/wp\/v2\/product\/22442","targetHints":{"allow":["GET"]}}],"collection":[{"href":"https:\/\/ibod-fse.s4.klixpert.dev\/ch\/wp-json\/wp\/v2\/product"}],"about":[{"href":"https:\/\/ibod-fse.s4.klixpert.dev\/ch\/wp-json\/wp\/v2\/types\/product"}],"replies":[{"embeddable":true,"href":"https:\/\/ibod-fse.s4.klixpert.dev\/ch\/wp-json\/wp\/v2\/comments?post=22442"}],"wp:featuredmedia":[{"embeddable":true,"href":"https:\/\/ibod-fse.s4.klixpert.dev\/ch\/wp-json\/wp\/v2\/media\/34304"}],"wp:attachment":[{"href":"https:\/\/ibod-fse.s4.klixpert.dev\/ch\/wp-json\/wp\/v2\/media?parent=22442"}],"wp:term":[{"taxonomy":"product_brand","embeddable":true,"href":"https:\/\/ibod-fse.s4.klixpert.dev\/ch\/wp-json\/wp\/v2\/product_brand?post=22442"},{"taxonomy":"product_cat","embeddable":true,"href":"https:\/\/ibod-fse.s4.klixpert.dev\/ch\/wp-json\/wp\/v2\/product_cat?post=22442"},{"taxonomy":"product_tag","embeddable":true,"href":"https:\/\/ibod-fse.s4.klixpert.dev\/ch\/wp-json\/wp\/v2\/product_tag?post=22442"},{"taxonomy":"certificates","embeddable":true,"href":"https:\/\/ibod-fse.s4.klixpert.dev\/ch\/wp-json\/wp\/v2\/certificates?post=22442"}],"curies":[{"name":"wp","href":"https:\/\/api.w.org\/{rel}","templated":true}]}}