{"id":22437,"date":"2024-05-08T01:47:10","date_gmt":"2024-05-07T23:47:10","guid":{"rendered":"https:\/\/ibod-fse.s4.klixpert.dev\/shop-dev\/product\/piano-sackware-100-lt-m3-1-pal-18-m%c2%b3-od-21-m%c2%b3-1-sk-01-m%c2%b3\/"},"modified":"2024-08-02T10:03:56","modified_gmt":"2024-08-02T08:03:56","slug":"piano-sackware-100-lt-m3-1-pal-18-m%c2%b3-od-21-m%c2%b3-1-sk-01-m%c2%b3","status":"publish","type":"product","link":"https:\/\/ibod-fse.s4.klixpert.dev\/ch\/shop\/estrichtechnik\/piano-sackware-100-lt-m3-1-pal-18-m%c2%b3-od-21-m%c2%b3-1-sk-01-m%c2%b3\/","title":{"rendered":"Piano  Trittschallsch\u00fcttung"},"content":{"rendered":"<ul>\n<li><strong>Eigenschaften: <\/strong>sehr geringe Rohdichte, ungezieferresisten, langzeitbest\u00e4ndig, verhindert Schallbr\u00fccken, idealer Unterbau f\u00fcr nachfolgende Estriche, geruchsneutral<\/li>\n<li><strong>Sackgr\u00f6\u00dfe:<\/strong> 0,1 m\u00b3<\/li>\n<li><strong>Palettengr\u00f6\u00dfen:<\/strong> Verf\u00fcgbar in 1,8 m\u00b3 oder 2,1 m\u00b3<\/li>\n<li><strong>Verpackung:\u00a0<\/strong>1 Sack = 100 lt = 0,1 m\u00b3<\/li>\n<li><strong>Verbrauch:<\/strong> 11-12 l\/m2 und cm Schichtst\u00e4rke, je nach Verdichtungsgrad<\/li>\n<\/ul>\n<p>&nbsp;<\/p>\n","protected":false},"excerpt":{"rendered":"<p>Einkomponentige, w\u00e4rmed\u00e4mmende Trittschall- und Ausgleichssch\u00fcttung auf Basis von gereinigtem Recyclingstyropor und Spezialzementen.<\/p>\n","protected":false},"featured_media":29821,"comment_status":"open","ping_status":"closed","template":"","meta":{"_configurator_enabled":"","_base_measure_price":0},"product_brand":[],"product_cat":[382],"product_tag":[],"certificates":[],"class_list":{"0":"post-22437","1":"product","2":"type-product","3":"status-publish","4":"has-post-thumbnail","6":"product_cat-estrichtechnik","8":"first","9":"instock","10":"taxable","11":"shipping-taxable","12":"product-type-simple"},"bundled_by":[],"bundle_stock_status":"instock","bundle_stock_quantity":null,"bundle_virtual":false,"bundle_layout":"","bundle_add_to_cart_form_location":"","bundle_editable_in_cart":false,"bundle_sold_individually_context":"","bundle_item_grouping":"","bundle_min_size":"","bundle_max_size":"","bundle_price":[],"bundled_items":[],"bundle_sell_ids":[],"_links":{"self":[{"href":"https:\/\/ibod-fse.s4.klixpert.dev\/ch\/wp-json\/wp\/v2\/product\/22437","targetHints":{"allow":["GET"]}}],"collection":[{"href":"https:\/\/ibod-fse.s4.klixpert.dev\/ch\/wp-json\/wp\/v2\/product"}],"about":[{"href":"https:\/\/ibod-fse.s4.klixpert.dev\/ch\/wp-json\/wp\/v2\/types\/product"}],"replies":[{"embeddable":true,"href":"https:\/\/ibod-fse.s4.klixpert.dev\/ch\/wp-json\/wp\/v2\/comments?post=22437"}],"wp:featuredmedia":[{"embeddable":true,"href":"https:\/\/ibod-fse.s4.klixpert.dev\/ch\/wp-json\/wp\/v2\/media\/29821"}],"wp:attachment":[{"href":"https:\/\/ibod-fse.s4.klixpert.dev\/ch\/wp-json\/wp\/v2\/media?parent=22437"}],"wp:term":[{"taxonomy":"product_brand","embeddable":true,"href":"https:\/\/ibod-fse.s4.klixpert.dev\/ch\/wp-json\/wp\/v2\/product_brand?post=22437"},{"taxonomy":"product_cat","embeddable":true,"href":"https:\/\/ibod-fse.s4.klixpert.dev\/ch\/wp-json\/wp\/v2\/product_cat?post=22437"},{"taxonomy":"product_tag","embeddable":true,"href":"https:\/\/ibod-fse.s4.klixpert.dev\/ch\/wp-json\/wp\/v2\/product_tag?post=22437"},{"taxonomy":"certificates","embeddable":true,"href":"https:\/\/ibod-fse.s4.klixpert.dev\/ch\/wp-json\/wp\/v2\/certificates?post=22437"}],"curies":[{"name":"wp","href":"https:\/\/api.w.org\/{rel}","templated":true}]}}