{"id":939,"date":"2023-08-28T14:19:54","date_gmt":"2023-08-28T12:19:54","guid":{"rendered":"https:\/\/ibod.klixpert.io\/?page_id=939"},"modified":"2026-03-26T10:50:43","modified_gmt":"2026-03-26T09:50:43","slug":"agb","status":"publish","type":"page","link":"https:\/\/ibod-fse.s4.klixpert.dev\/ch\/agb\/","title":{"rendered":"Allgemeine Gesch\u00e4ftsbedingungen"},"content":{"rendered":"\n<div class=\"wp-block-group has-global-padding is-layout-constrained wp-block-group-is-layout-constrained\">\n<h2 class=\"wp-block-heading\" id=\"allgemeine-geschaeftsbedingungen\">Allgemeine Gesch\u00e4ftsbedingungen<\/h2>\n\n\n\n<p>Hier finden Sie unsere AGBs:<\/p>\n\n\n\n<p><a href=\"https:\/\/ibod-fse.s4.klixpert.dev\/app\/uploads\/2023\/09\/ibod-agb.pdf\">Allgemeine Gesch\u00e4ftsbedingungen<\/a><\/p>\n\n\n\n<p><a href=\"https:\/\/ibod-fse.s4.klixpert.dev\/app\/uploads\/2023\/09\/ibod-agb-dienstleistung.pdf\">Allgemeine Gesch\u00e4ftsbedingungen &#8211; Dienstleistung<\/a><\/p>\n<\/div>\n","protected":false},"excerpt":{"rendered":"<p>Allgemeine Gesch\u00e4ftsbedingungen Hier finden Sie unsere AGBs: Allgemeine Gesch\u00e4ftsbedingungen Allgemeine Gesch\u00e4ftsbedingungen &#8211; Dienstleistung<\/p>\n","protected":false},"author":1,"featured_media":0,"parent":0,"menu_order":34,"comment_status":"closed","ping_status":"closed","template":"","meta":{"footnotes":""},"class_list":["post-939","page","type-page","status-publish","hentry"],"_links":{"self":[{"href":"https:\/\/ibod-fse.s4.klixpert.dev\/ch\/wp-json\/wp\/v2\/pages\/939","targetHints":{"allow":["GET"]}}],"collection":[{"href":"https:\/\/ibod-fse.s4.klixpert.dev\/ch\/wp-json\/wp\/v2\/pages"}],"about":[{"href":"https:\/\/ibod-fse.s4.klixpert.dev\/ch\/wp-json\/wp\/v2\/types\/page"}],"author":[{"embeddable":true,"href":"https:\/\/ibod-fse.s4.klixpert.dev\/ch\/wp-json\/wp\/v2\/users\/1"}],"replies":[{"embeddable":true,"href":"https:\/\/ibod-fse.s4.klixpert.dev\/ch\/wp-json\/wp\/v2\/comments?post=939"}],"version-history":[{"count":7,"href":"https:\/\/ibod-fse.s4.klixpert.dev\/ch\/wp-json\/wp\/v2\/pages\/939\/revisions"}],"predecessor-version":[{"id":48233,"href":"https:\/\/ibod-fse.s4.klixpert.dev\/ch\/wp-json\/wp\/v2\/pages\/939\/revisions\/48233"}],"wp:attachment":[{"href":"https:\/\/ibod-fse.s4.klixpert.dev\/ch\/wp-json\/wp\/v2\/media?parent=939"}],"curies":[{"name":"wp","href":"https:\/\/api.w.org\/{rel}","templated":true}]}}