{"id":936,"date":"2023-08-28T14:19:20","date_gmt":"2023-08-28T12:19:20","guid":{"rendered":"https:\/\/ibod.klixpert.io\/?page_id=936"},"modified":"2026-03-09T13:53:33","modified_gmt":"2026-03-09T12:53:33","slug":"impressum","status":"publish","type":"page","link":"https:\/\/ibod-fse.s4.klixpert.dev\/ch\/impressum\/","title":{"rendered":"Impressum"},"content":{"rendered":"\n<div class=\"wp-block-group has-global-padding is-content-justification-left is-layout-constrained wp-container-core-group-is-layout-b0aadfb5 wp-block-group-is-layout-constrained\" style=\"margin-bottom:var(--wp--preset--spacing--largest)\">\n<h1 class=\"wp-block-heading is-style-h1\" id=\"impressum\">Impressum<\/h1>\n\n\n\n<p class=\"is-style-default\"><strong>Angaben gem\u00e4\u00df \u00a7 5 TMG<\/strong><\/p>\n\n\n\n<p>IBOD Wand &amp; Boden \u2013 Industrieboden GmbH<br>Amerling 120<br>6233 Kramsach<\/p>\n\n\n\n<p class=\"has-text-align-left\">Handelsregister: FN 50845y<br>Registergericht: Innsbruck<\/p>\n\n\n\n<p><strong>Vertreten durch:<\/strong><br>Michael Fankhauser<\/p>\n\n\n\n<p><strong>Kontakt<\/strong><\/p>\n\n\n\n<p>Telefon:<br>Verkauf von Handelswaren: <a href=\"tel:+435337655380217\">+43 5337 \/ 65538-217<\/a><br>Dienstleistung: <a href=\"tel:+435337655380\">+43 5337 \/ 65538-0<\/a><br>E-Mail: <a href=\"mailto:info@ibod.at\">info@ibod.at<\/a><\/p>\n\n\n\n<p><strong>Umsatzsteuer-ID<\/strong><\/p>\n\n\n\n<p>Umsatzsteuer-Identifikationsnummer gem\u00e4\u00df \u00a7 27 a Umsatzsteuergesetz:<br>ATU37495000<\/p>\n\n\n\n<p><strong>IN DER SCHWEIZ<\/strong><br><br><strong>Lager, B\u00fcro und Schauraum:<\/strong><br>Kreuzmatte 1c<br>6260 Reiden<br>M: <a href=\"tel:+41793595553\" target=\"_blank\" rel=\"noreferrer noopener\"><\/a><a href=\"tel:+41765052640\" title=\"+41 76 505 26 40\">+41 76 505 26 40<\/a><br>W: ibod-fse.s4.klixpert.dev\/standort-schweiz<br><br><strong>Rechnungsadresse:<\/strong><br>IBOD GmbH<br>Sonnenstrasse 5<br>9000 St. Gallen<br>Schweiz<br><br><strong>Bankverbindung:<br><\/strong>Bank f\u00fcr Tirol und Vorarlberg AG<br>IBAN: CH27 0852 5000 SA32 089A B<br>SWIFT: BTVACH22XXX<\/p>\n\n\n\n<p><strong>Umsatzsteuer-ID<\/strong><br>Umsatzsteuer-Identifikationsnummer gem\u00e4\u00df \u00a7 27 a Umsatzsteuergesetz:<br>CHE-190.270.838 MWST<\/p>\n\n\n\n<p><strong>Redaktionell verantwortlich<\/strong><\/p>\n\n\n\n<p>Jasmin Geiger<br>IBOD Wand &amp; Boden \u2013 Industrieboden GmbH<br>Amerling 120<br>6233 Kramsach<br>AUSTRIA<\/p>\n\n\n\n<p><strong>EU-Streitschlichtung<\/strong><\/p>\n\n\n\n<p>Die Europ\u00e4ische Kommission stellt eine Plattform zur Online-Streitbeilegung (OS) bereit: <a href=\"https:\/\/ec.europa.eu\/consumers\/odr\/\" target=\"_blank\" rel=\"noreferrer noopener\">https:\/\/ec.europa.eu\/consumers\/odr\/<\/a>.<br>Unsere E-Mail-Adresse finden Sie oben im Impressum.<\/p>\n\n\n\n<p><strong>Verbraucher\u00adstreit\u00adbeilegung\/Universal\u00adschlichtungs\u00adstelle<\/strong><\/p>\n\n\n\n<p>Wir sind nicht bereit oder verpflichtet, an Streitbeilegungsverfahren vor einer Verbraucherschlichtungsstelle teilzunehmen.<\/p>\n\n\n\n<p>Unsere Kernthemen: Fugenloser Boden, Fugenloses Bad, Terrazzo bzw Terrazzob\u00f6den, dekorative Wandbel\u00e4ge, Microzement, dekorative Spachtelmassen<\/p>\n\n\n\n<h2 class=\"wp-block-heading\" id=\"laufendes-online-marketing\">Laufendes Online Marketing:<\/h2>\n\n\n\n<p>Konzeption, Erstellung und laufende Optimierung der Website, laufende Erarbeitung von Texten und Inhalten, Performance Marketing sowie Inbound Marketing wird von&nbsp;<a href=\"http:\/\/klixpert.io\/\" target=\"_blank\" rel=\"noreferrer noopener\">Klixpert.io<\/a> \u2013 der Growth Marketing Agentur durchgef\u00fchrt: Digital. Sales. Now.<\/p>\n\n\n\n<h2 class=\"wp-block-heading\" id=\"bilder\">Bilder: <\/h2>\n\n\n\n<p>S\u00e4mtliche Inhalte dieser Website, insbesondere Bilder, Fotos und Grafiken, sind urheberrechtlich gesch\u00fctzt. Die Rechte an den verwendeten Bildern liegen bei IBOD Wand &amp; Boden oder bei den jeweils angef\u00fchrten Fotografen, Architekten oder Projektpartnern. Jegliche Nutzung au\u00dferhalb der Grenzen des Urheberrechts bedarf der vorherigen schriftlichen Zustimmung des jeweiligen Rechteinhabers. Sollten einzelne Bildrechte trotz sorgf\u00e4ltiger Pr\u00fcfung nicht korrekt angegeben sein, bitten wir um einen entsprechenden Hinweis.<\/p>\n<\/div>\n","protected":false},"excerpt":{"rendered":"<p>Impressum Angaben gem\u00e4\u00df \u00a7 5 TMG IBOD Wand &amp; Boden \u2013 Industrieboden GmbHAmerling 1206233 Kramsach Handelsregister: FN 50845yRegistergericht: Innsbruck Vertreten durch:Michael Fankhauser Kontakt Telefon:Verkauf von Handelswaren: +43 5337 \/ 65538-217Dienstleistung: +43 5337 \/ 65538-0E-Mail: info@ibod.at Umsatzsteuer-ID Umsatzsteuer-Identifikationsnummer gem\u00e4\u00df \u00a7 27 a Umsatzsteuergesetz:ATU37495000 IN DER SCHWEIZ Lager, B\u00fcro und Schauraum:Kreuzmatte 1c6260 ReidenM: +41 76 505 26 [&hellip;]<\/p>\n","protected":false},"author":1,"featured_media":0,"parent":0,"menu_order":33,"comment_status":"closed","ping_status":"closed","template":"","meta":{"footnotes":""},"class_list":["post-936","page","type-page","status-publish","hentry"],"_links":{"self":[{"href":"https:\/\/ibod-fse.s4.klixpert.dev\/ch\/wp-json\/wp\/v2\/pages\/936","targetHints":{"allow":["GET"]}}],"collection":[{"href":"https:\/\/ibod-fse.s4.klixpert.dev\/ch\/wp-json\/wp\/v2\/pages"}],"about":[{"href":"https:\/\/ibod-fse.s4.klixpert.dev\/ch\/wp-json\/wp\/v2\/types\/page"}],"author":[{"embeddable":true,"href":"https:\/\/ibod-fse.s4.klixpert.dev\/ch\/wp-json\/wp\/v2\/users\/1"}],"replies":[{"embeddable":true,"href":"https:\/\/ibod-fse.s4.klixpert.dev\/ch\/wp-json\/wp\/v2\/comments?post=936"}],"version-history":[{"count":26,"href":"https:\/\/ibod-fse.s4.klixpert.dev\/ch\/wp-json\/wp\/v2\/pages\/936\/revisions"}],"predecessor-version":[{"id":48028,"href":"https:\/\/ibod-fse.s4.klixpert.dev\/ch\/wp-json\/wp\/v2\/pages\/936\/revisions\/48028"}],"wp:attachment":[{"href":"https:\/\/ibod-fse.s4.klixpert.dev\/ch\/wp-json\/wp\/v2\/media?parent=936"}],"curies":[{"name":"wp","href":"https:\/\/api.w.org\/{rel}","templated":true}]}}