{"id":835,"date":"2023-08-28T13:46:06","date_gmt":"2023-08-28T11:46:06","guid":{"rendered":"https:\/\/ibod.klixpert.io\/?page_id=835"},"modified":"2026-03-26T14:18:38","modified_gmt":"2026-03-26T13:18:38","slug":"kunstharz-beschichtungen","status":"publish","type":"page","link":"https:\/\/ibod-fse.s4.klixpert.dev\/ch\/produkte\/kunstharz-beschichtungen\/","title":{"rendered":"Kunstharz-Beschichtungen"},"content":{"rendered":"\n<section class=\"wp-block-klx-hero alignfull text-image\" style=\"min-height:600px\"><div class=\"hero-grid\"><div class=\"hero-content\">\n<div class=\"wp-block-group is-vertical is-layout-flex wp-container-core-group-is-layout-0bc941e6 wp-block-group-is-layout-flex\">\n<h1 class=\"wp-block-heading\" style=\"margin-bottom:var(--wp--preset--spacing--s)\" id=\"kunstharz-beschichtungen\"><em>Kunstharz<\/em>-Beschichtungen<\/h1>\n\n\n\n<p style=\"margin-top:0;margin-bottom:0\">Hier finden Sie eine \u00dcbersicht \u00fcber unsere Kunstharz-Beschichtungen<\/p>\n\n\n\n<div class=\"wp-block-buttons is-content-justification-left is-layout-flex wp-container-core-buttons-is-layout-451495f3 wp-block-buttons-is-layout-flex\" style=\"margin-top:var(--wp--preset--spacing--m)\">\n<div class=\"wp-block-button is-style-primary\"><a class=\"wp-block-button__link wp-element-button\" href=\"https:\/\/ibod-fse.s4.klixpert.dev\/beratung-anfordern\/\">Unverbindlich anfragen<\/a><\/div>\n<\/div>\n<\/div>\n<\/div><img loading=\"lazy\" decoding=\"async\" width=\"1067\" height=\"800\" class=\"hero-image wp-image-39044\" src=\"https:\/\/ibod-fse.s4.klixpert.dev\/app\/uploads\/2024\/11\/IBOD_doppo-EP-Beschichtung_RAL9010_Chips-5319_PUS601-1_zugeschnitten.webp\" alt=\"IBOD doppo EP Beschichtung RAL9010 Chips 5319 PUS601 1 zugeschnitten\" style=\"object-position:50% 50%\" data-object-fit=\"cover\" data-object-position=\"50% 50%\" srcset=\"https:\/\/ibod-fse.s4.klixpert.dev\/app\/uploads\/2024\/11\/IBOD_doppo-EP-Beschichtung_RAL9010_Chips-5319_PUS601-1_zugeschnitten.webp 1067w, https:\/\/ibod-fse.s4.klixpert.dev\/app\/uploads\/2024\/11\/IBOD_doppo-EP-Beschichtung_RAL9010_Chips-5319_PUS601-1_zugeschnitten-300x225.webp 300w, https:\/\/ibod-fse.s4.klixpert.dev\/app\/uploads\/2024\/11\/IBOD_doppo-EP-Beschichtung_RAL9010_Chips-5319_PUS601-1_zugeschnitten-1024x768.webp 1024w, https:\/\/ibod-fse.s4.klixpert.dev\/app\/uploads\/2024\/11\/IBOD_doppo-EP-Beschichtung_RAL9010_Chips-5319_PUS601-1_zugeschnitten-768x576.webp 768w, https:\/\/ibod-fse.s4.klixpert.dev\/app\/uploads\/2024\/11\/IBOD_doppo-EP-Beschichtung_RAL9010_Chips-5319_PUS601-1_zugeschnitten-600x450.webp 600w\" sizes=\"auto, (max-width: 1067px) 100vw, 1067px\" \/><\/div><\/section>\n\n\n<nav style=\"margin-top:var(--wp--preset--spacing--m);margin-bottom:0;\" class=\"wp-block-klx-breadcrumbs\" aria-label=\"Breadcrumb\">\n    <ol class=\"breadcrumbs-list\" itemscope itemtype=\"https:\/\/schema.org\/BreadcrumbList\">\n                    <li itemprop=\"itemListElement\" itemscope itemtype=\"https:\/\/schema.org\/ListItem\">\n                                    <span itemprop=\"name\">IBOD Wand &amp; Boden<\/span>\n                                <meta itemprop=\"position\" content=\"1\" \/>\n            <\/li>\n            <\/ol>\n<\/nav>\n\n\n<div class=\"wp-block-group has-global-padding is-layout-constrained wp-block-group-is-layout-constrained\" style=\"margin-top:var(--wp--preset--spacing--xxxl);margin-bottom:0\">\n<div class=\"wp-block-columns is-layout-flex wp-container-core-columns-is-layout-28f84493 wp-block-columns-is-layout-flex\">\n<div class=\"wp-block-column is-layout-flow wp-block-column-is-layout-flow\" style=\"border-top-color:var(--wp--preset--color--grey-200);border-top-width:1px\">\n<div class=\"wp-block-group is-layout-flex wp-container-core-group-is-layout-8a1c7e9c wp-block-group-is-layout-flex\" style=\"padding-top:var(--wp--preset--spacing--ml)\">\n<figure class=\"wp-block-image size-full is-resized\" style=\"margin-right:var(--wp--preset--spacing--sm)\"><img decoding=\"async\" src=\"https:\/\/ibod-fse.s4.klixpert.dev\/app\/uploads\/2023\/09\/rissarm.svg\" alt=\"\" class=\"wp-image-1880\" style=\"width:64px\"\/><\/figure>\n\n\n\n<h3 class=\"wp-block-heading has-h-6-font-size\" id=\"rissarm\">Rissarm<\/h3>\n<\/div>\n<\/div>\n\n\n\n<div class=\"wp-block-column is-layout-flow wp-block-column-is-layout-flow\" style=\"border-top-color:var(--wp--preset--color--grey-200);border-top-width:1px\">\n<div class=\"wp-block-group is-layout-flex wp-container-core-group-is-layout-8a1c7e9c wp-block-group-is-layout-flex\" style=\"padding-top:var(--wp--preset--spacing--ml)\">\n<figure class=\"wp-block-image size-full is-resized\" style=\"margin-right:var(--wp--preset--spacing--sm)\"><img decoding=\"async\" src=\"https:\/\/ibod-fse.s4.klixpert.dev\/app\/uploads\/2023\/09\/nicht-brennbar.svg\" alt=\"\" class=\"wp-image-4262\" style=\"width:64px\"\/><\/figure>\n\n\n\n<h3 class=\"wp-block-heading has-h-6-font-size\" id=\"nicht-brennbar\">Nicht brennbar<\/h3>\n<\/div>\n<\/div>\n\n\n\n<div class=\"wp-block-column is-layout-flow wp-block-column-is-layout-flow\" style=\"border-top-color:var(--wp--preset--color--grey-200);border-top-width:1px\">\n<div class=\"wp-block-group is-layout-flex wp-container-core-group-is-layout-8a1c7e9c wp-block-group-is-layout-flex\" style=\"padding-top:var(--wp--preset--spacing--ml)\">\n<figure class=\"wp-block-image size-full is-resized\" style=\"margin-right:var(--wp--preset--spacing--sm)\"><img decoding=\"async\" src=\"https:\/\/ibod-fse.s4.klixpert.dev\/app\/uploads\/2023\/09\/belastbar.svg\" alt=\"\" class=\"wp-image-1884\" style=\"width:64px\"\/><\/figure>\n\n\n\n<h3 class=\"wp-block-heading has-h-6-font-size\" id=\"hohe-belastbarkeit\">Hohe Belastbarkeit<\/h3>\n<\/div>\n<\/div>\n<\/div>\n<\/div>\n\n\n\n<div class=\"wp-block-group alignfull mobile-padding-y-xl has-global-padding is-content-justification-center is-layout-constrained wp-block-group-is-layout-constrained\" style=\"padding-top:0;padding-bottom:0\">\n<div class=\"wp-block-group mobile-padding-x-0 has-global-padding is-layout-constrained wp-container-core-group-is-layout-7db9d80f wp-block-group-is-layout-constrained\" style=\"padding-right:0;padding-left:0\">\n<div class=\"wp-block-columns mobile-gap-ml mobile-margin-top-0 mobile-margin-bottom-xl is-layout-flex wp-container-core-columns-is-layout-1f618922 wp-block-columns-is-layout-flex\" style=\"margin-top:0;margin-bottom:var(--wp--preset--spacing--largest)\">\n<div class=\"wp-block-column mobile-order-minus-1 is-layout-flow wp-block-column-is-layout-flow\">\n<figure class=\"wp-block-image size-large is-style-aspect-4-5\"><img loading=\"lazy\" decoding=\"async\" width=\"1024\" height=\"683\" src=\"https:\/\/ibod-fse.s4.klixpert.dev\/app\/uploads\/2023\/08\/doppo-ep-beschichtung-alpenroyal-fiss-jpg-webp-1024x683.webp\" alt=\"doppo EP-Beschichtung - Alpenroyal Fiss\" class=\"wp-image-1317\" srcset=\"https:\/\/ibod-fse.s4.klixpert.dev\/app\/uploads\/2023\/08\/doppo-ep-beschichtung-alpenroyal-fiss-jpg-webp-1024x683.webp 1024w, https:\/\/ibod-fse.s4.klixpert.dev\/app\/uploads\/2023\/08\/doppo-ep-beschichtung-alpenroyal-fiss-jpg-webp-300x200.webp 300w, https:\/\/ibod-fse.s4.klixpert.dev\/app\/uploads\/2023\/08\/doppo-ep-beschichtung-alpenroyal-fiss-jpg-webp-768x512.webp 768w, https:\/\/ibod-fse.s4.klixpert.dev\/app\/uploads\/2023\/08\/doppo-ep-beschichtung-alpenroyal-fiss-jpg-webp-1536x1025.webp 1536w, https:\/\/ibod-fse.s4.klixpert.dev\/app\/uploads\/2023\/08\/doppo-ep-beschichtung-alpenroyal-fiss-jpg-webp-600x400.webp 600w, https:\/\/ibod-fse.s4.klixpert.dev\/app\/uploads\/2023\/08\/doppo-ep-beschichtung-alpenroyal-fiss-jpg-webp.webp 2000w\" sizes=\"auto, (max-width: 1024px) 100vw, 1024px\" \/><\/figure>\n<\/div>\n\n\n\n<div class=\"wp-block-column is-vertically-aligned-center mobile-order-1 display-flex is-layout-flow wp-block-column-is-layout-flow\">\n<div class=\"wp-block-group margin-y-auto has-global-padding is-content-justification-left is-layout-constrained wp-container-core-group-is-layout-f1f5e4a8 wp-block-group-is-layout-constrained\">\n<h3 class=\"wp-block-heading\" id=\"doppo-ep-beschichtungen\"><em>doppo EP-Beschichtungen<\/em><\/h3>\n\n\n\n<p>Der fugenlose Bodenbelag f\u00fcr harte Anforderungen.<\/p>\n\n\n\n<div class=\"wp-block-buttons is-layout-flex wp-block-buttons-is-layout-flex\">\n<div class=\"wp-block-button is-style-ghost-darker\"><a class=\"wp-block-button__link wp-element-button\" href=\"https:\/\/ibod-fse.s4.klixpert.dev\/produkte\/kunstharz-beschichtungen\/doppo-ep-beschichtungen\/\">Zu doppo EP Beschichtungen<\/a><\/div>\n<\/div>\n<\/div>\n<\/div>\n<\/div>\n\n\n\n<div class=\"wp-block-columns mobile-gap-ml mobile-margin-top-0 mobile-margin-bottom-0 is-layout-flex wp-container-core-columns-is-layout-c7c0378f wp-block-columns-is-layout-flex\" style=\"margin-bottom:var(--wp--preset--spacing--largest)\">\n<div class=\"wp-block-column is-vertically-aligned-center mobile-order-1 display-flex is-layout-flow wp-block-column-is-layout-flow\">\n<div class=\"wp-block-group margin-y-auto has-global-padding is-content-justification-left is-layout-constrained wp-container-core-group-is-layout-f1f5e4a8 wp-block-group-is-layout-constrained\">\n<h3 class=\"wp-block-heading\" id=\"doppo-pu-beschichtungen\"><em>doppo PU-Beschichtungen<\/em><\/h3>\n\n\n\n<p>Der fugenlose Bodenbelag f\u00fcr harte Anforderungen.<\/p>\n\n\n\n<div class=\"wp-block-buttons is-content-justification-left is-layout-flex wp-container-core-buttons-is-layout-fc4fd283 wp-block-buttons-is-layout-flex\">\n<div class=\"wp-block-button is-style-ghost-darker\"><a class=\"wp-block-button__link wp-element-button\" href=\"https:\/\/ibod-fse.s4.klixpert.dev\/produkte\/kunstharz-beschichtungen\/doppo-pu-beschichtungen\/\">Zu doppo PU Beschichtungen<\/a><\/div>\n<\/div>\n<\/div>\n<\/div>\n\n\n\n<div class=\"wp-block-column mobile-order-minus-1 is-layout-flow wp-block-column-is-layout-flow\">\n<figure class=\"wp-block-image size-large is-style-aspect-4-5\"><img loading=\"lazy\" decoding=\"async\" width=\"1024\" height=\"768\" src=\"https:\/\/ibod-fse.s4.klixpert.dev\/app\/uploads\/2024\/11\/IBOD_doppo-EP-Beschichtung_RAL9010_Chips-5319_PUS601-1_zugeschnitten-1024x768.webp\" alt=\"Epoxidharzbeschichtung mit Farbchips in Gold und Gel\u00e4nder in Bronze\" class=\"wp-image-39044\" srcset=\"https:\/\/ibod-fse.s4.klixpert.dev\/app\/uploads\/2024\/11\/IBOD_doppo-EP-Beschichtung_RAL9010_Chips-5319_PUS601-1_zugeschnitten-1024x768.webp 1024w, https:\/\/ibod-fse.s4.klixpert.dev\/app\/uploads\/2024\/11\/IBOD_doppo-EP-Beschichtung_RAL9010_Chips-5319_PUS601-1_zugeschnitten-300x225.webp 300w, https:\/\/ibod-fse.s4.klixpert.dev\/app\/uploads\/2024\/11\/IBOD_doppo-EP-Beschichtung_RAL9010_Chips-5319_PUS601-1_zugeschnitten-768x576.webp 768w, https:\/\/ibod-fse.s4.klixpert.dev\/app\/uploads\/2024\/11\/IBOD_doppo-EP-Beschichtung_RAL9010_Chips-5319_PUS601-1_zugeschnitten-600x450.webp 600w, https:\/\/ibod-fse.s4.klixpert.dev\/app\/uploads\/2024\/11\/IBOD_doppo-EP-Beschichtung_RAL9010_Chips-5319_PUS601-1_zugeschnitten.webp 1067w\" sizes=\"auto, (max-width: 1024px) 100vw, 1024px\" \/><\/figure>\n<\/div>\n<\/div>\n<\/div>\n<\/div>\n\n\n\n<div class=\"wp-block-group alignfull mobile-padding-y-xl has-grey-100-background-color has-background has-global-padding is-content-justification-center is-layout-constrained wp-block-group-is-layout-constrained\" style=\"margin-top:0;padding-top:var(--wp--preset--spacing--xxxl);padding-bottom:var(--wp--preset--spacing--largest)\">\n<div class=\"wp-block-group mobile-padding-x-0 has-global-padding is-layout-constrained wp-container-core-group-is-layout-3b0f2f7d wp-block-group-is-layout-constrained\" style=\"padding-right:20px;padding-left:20px\"><\/div>\n\n\n\n<div class=\"wp-block-columns are-vertically-aligned-center is-layout-flex wp-container-core-columns-is-layout-28f84493 wp-block-columns-is-layout-flex\">\n<div class=\"wp-block-column is-vertically-aligned-center is-layout-flow wp-block-column-is-layout-flow\">\n<h2 class=\"wp-block-heading\" id=\"kunstharzbeschichtungen-von-ibod-fuer-garage-und-bueroboden\"><em>Kunstharzbeschichtungen<\/em> von IBOD f\u00fcr Garage und B\u00fcroboden<\/h2>\n\n\n\n<p>Unsere hochwertigen Kunstharzbeschichtungen sind ideal f\u00fcr Bereiche, die einer hohen Belastung ausgesetzt sind, da sie extrem strapazierf\u00e4hig, abriebfest und langlebig sind. <\/p>\n\n\n\n<p>Das Anwendungsspektrum reicht von Garagen, die h\u00e4ufig schweren Fahrzeugen standhalten m\u00fcssen, bis hin zum B\u00fcroboden, bei dem eine ansprechende, pflegeleichte und zugleich robuste L\u00f6sung gefragt ist. <\/p>\n\n\n\n<p>Die doppo EP- und doppo PU-Beschichtung von IBOD sind in einer Vielzahl von Farben erh\u00e4ltlich, sodass sie perfekt auf Ihre individuellen Designvorstellungen und funktionalen Anforderungen abgestimmt werden kann. Dar\u00fcber hinaus ist sie resistent gegen \u00d6l, Chemikalien und andere Fl\u00fcssigkeiten, was sie zu einer idealen Wahl f\u00fcr verschiedene Arbeitsumgebungen macht.<\/p>\n\n\n\n<div class=\"wp-block-buttons is-layout-flex wp-block-buttons-is-layout-flex\">\n<div class=\"wp-block-button is-style-underline\"><a class=\"wp-block-button__link wp-element-button\" href=\"https:\/\/ibod-fse.s4.klixpert.dev\/kontakt\/\">Fragen? Wir helfen ihnen gerne<\/a><\/div>\n<\/div>\n<\/div>\n\n\n\n<div class=\"wp-block-column is-vertically-aligned-center mobile-order-minus-1 is-layout-flow wp-block-column-is-layout-flow\">\n<figure class=\"wp-block-image size-large is-style-aspect-4-5\"><img loading=\"lazy\" decoding=\"async\" width=\"1024\" height=\"683\" src=\"https:\/\/ibod-fse.s4.klixpert.dev\/app\/uploads\/2024\/01\/kunstharzbeschichtungen-garage-bueroboden-1-1024x683.webp\" alt=\"Kunstharzbeschichtungen f\u00fcr Garage und B\u00fcroboden\" class=\"wp-image-7658\" srcset=\"https:\/\/ibod-fse.s4.klixpert.dev\/app\/uploads\/2024\/01\/kunstharzbeschichtungen-garage-bueroboden-1-1024x683.webp 1024w, https:\/\/ibod-fse.s4.klixpert.dev\/app\/uploads\/2024\/01\/kunstharzbeschichtungen-garage-bueroboden-1-300x200.webp 300w, https:\/\/ibod-fse.s4.klixpert.dev\/app\/uploads\/2024\/01\/kunstharzbeschichtungen-garage-bueroboden-1-768x512.webp 768w, https:\/\/ibod-fse.s4.klixpert.dev\/app\/uploads\/2024\/01\/kunstharzbeschichtungen-garage-bueroboden-1-1536x1025.webp 1536w, https:\/\/ibod-fse.s4.klixpert.dev\/app\/uploads\/2024\/01\/kunstharzbeschichtungen-garage-bueroboden-1-600x400.webp 600w, https:\/\/ibod-fse.s4.klixpert.dev\/app\/uploads\/2024\/01\/kunstharzbeschichtungen-garage-bueroboden-1-jpg-webp.webp 2000w\" sizes=\"auto, (max-width: 1024px) 100vw, 1024px\" \/><\/figure>\n<\/div>\n<\/div>\n\n\n\n<div class=\"wp-block-columns are-vertically-aligned-center is-layout-flex wp-container-core-columns-is-layout-231ecbe3 wp-block-columns-is-layout-flex\" style=\"margin-top:var(--wp--preset--spacing--xxxl)\">\n<div class=\"wp-block-column is-vertically-aligned-center mobile-order-minus-1 is-layout-flow wp-block-column-is-layout-flow\">\n<figure class=\"wp-block-image size-full is-style-aspect-4-5\"><img decoding=\"async\" src=\"https:\/\/ibod-fse.s4.klixpert.dev\/app\/uploads\/2024\/01\/industrieboden-ansprueche-komfort-jpg.webp\" alt=\"Industrieboden \u2013 f\u00fcr hohe Anspr\u00fcche, mit Komfort\" class=\"wp-image-7661\"\/><\/figure>\n<\/div>\n\n\n\n<div class=\"wp-block-column is-vertically-aligned-center is-layout-flow wp-block-column-is-layout-flow\">\n<h2 class=\"wp-block-heading\" id=\"industrieboden-ein-bodenbelag-fuer-hohe-ansprueche-mit-komfort\"><em>Industrieboden<\/em> \u2013 ein Bodenbelag f\u00fcr hohe Anspr\u00fcche, mit Komfort<\/h2>\n\n\n\n<p>Ein Industrieboden ist die optimale L\u00f6sung f\u00fcr Bereiche, die h\u00f6chsten Anspr\u00fcchen standhalten m\u00fcssen, ohne dabei den Komfort zu vernachl\u00e4ssigen. Dieser Fu\u00dfbodenbelag kombiniert Robustheit und Langlebigkeit mit einer angenehmen Gehfl\u00e4che, was ihn ideal f\u00fcr Industrieanlagen, Lagerhallen, Werkst\u00e4tten, aber auch B\u00fcros und Eigenheime macht. <\/p>\n\n\n\n<p>Seine hohe Belastbarkeit gegen\u00fcber schweren Lasten, mechanischem Abrieb und chemischen Substanzen gew\u00e4hrleistet eine lange Lebensdauer auch unter harten Bedingungen.<\/p>\n\n\n\n<p>Zudem lassen sich moderne Industrieb\u00f6den individuell gestalten, sodass sie nicht nur funktional, sondern auch optisch den Anforderungen des jeweiligen Einsatzortes entsprechen.<\/p>\n\n\n\n<div class=\"wp-block-buttons is-layout-flex wp-block-buttons-is-layout-flex\">\n<div class=\"wp-block-button is-style-underline\"><a class=\"wp-block-button__link wp-element-button\" href=\"https:\/\/ibod-fse.s4.klixpert.dev\/kontakt\/\">Kontaktieren Sie uns<\/a><\/div>\n<\/div>\n<\/div>\n<\/div>\n<\/div>\n\n\n\n<div class=\"wp-block-group mobile-padding-bottom-xxl has-global-padding is-layout-constrained wp-block-group-is-layout-constrained\" style=\"padding-bottom:var(--wp--preset--spacing--largest)\">\n<div class=\"wp-block-group mobile-width-100 has-global-padding is-content-justification-left is-layout-constrained wp-container-core-group-is-layout-12dd3699 wp-block-group-is-layout-constrained\">\n<div class=\"wp-block-group mobile-margin-bottom-ml is-content-justification-space-between is-nowrap is-layout-flex wp-container-core-group-is-layout-7aecb5be wp-block-group-is-layout-flex\" style=\"margin-bottom:var(--wp--preset--spacing--xl)\">\n<h2 class=\"wp-block-heading\" id=\"wissenswertes-zu-kunstharzbeschichtungen\">Wissenswertes zu Kunstharzbeschichtungen<\/h2>\n\n\n\n<div class=\"wp-block-buttons is-layout-flex wp-block-buttons-is-layout-flex\">\n<div class=\"wp-block-button is-style-underline\"><a class=\"wp-block-button__link wp-element-button\" href=\"https:\/\/ibod-fse.s4.klixpert.dev\/wissenswertes\/boden\/\">Zum Blog<\/a><\/div>\n<\/div>\n<\/div>\n\n\n\n<div class=\"wp-block-query is-style-clickable-posts is-layout-flow wp-block-query-is-layout-flow\"><ul class=\"columns-3 mobile-gap-ml wp-block-post-template is-layout-grid wp-container-core-post-template-is-layout-ac3730aa wp-block-post-template-is-layout-grid\"><li class=\"wp-block-post post-38972 post type-post status-publish format-standard has-post-thumbnail hentry category-boden\">\n\n<div class=\"wp-block-group is-layout-flow wp-container-core-group-is-layout-530a8303 wp-block-group-is-layout-flow\" style=\"padding-top:0;padding-right:0;padding-bottom:0;padding-left:0\"><figure class=\"wp-block-post-featured-image\"><img loading=\"lazy\" decoding=\"async\" width=\"1000\" height=\"667\" src=\"https:\/\/ibod-fse.s4.klixpert.dev\/app\/uploads\/2024\/11\/epoxidharz-anwendung-ibod-jpg.webp\" class=\"attachment-post-thumbnail size-post-thumbnail wp-post-image\" alt=\"\" style=\"object-fit:cover;\" srcset=\"https:\/\/ibod-fse.s4.klixpert.dev\/app\/uploads\/2024\/11\/epoxidharz-anwendung-ibod-jpg.webp 1000w, https:\/\/ibod-fse.s4.klixpert.dev\/app\/uploads\/2024\/11\/epoxidharz-anwendung-ibod-300x200.webp 300w, https:\/\/ibod-fse.s4.klixpert.dev\/app\/uploads\/2024\/11\/epoxidharz-anwendung-ibod-768x512.webp 768w, https:\/\/ibod-fse.s4.klixpert.dev\/app\/uploads\/2024\/11\/epoxidharz-anwendung-ibod-600x400.webp 600w\" sizes=\"auto, (max-width: 1000px) 100vw, 1000px\" \/><\/figure>\n\n\n<div class=\"wp-block-group is-content-justification-space-between is-nowrap is-layout-flex wp-container-core-group-is-layout-fd0b54d3 wp-block-group-is-layout-flex\" style=\"margin-top:20px;margin-bottom:12px\"><div style=\"font-size:14px\" class=\"taxonomy-category has-link-color no-underline wp-elements-be482be040b497de32bd5096d868cd40 wp-block-post-terms has-text-color has-grey-500-color\"><a href=\"https:\/\/ibod-fse.s4.klixpert.dev\/ch\/wissenswertes\/boden\/\" rel=\"tag\">Boden<\/a><\/div>\n\n<div style=\"font-size:14px;text-transform:uppercase;\" class=\"has-link-color wp-elements-9f0b06e725f1a5855d279ff6b2f8c303 wp-block-post-date has-text-color has-grey-500-color\"><time datetime=\"2026-01-22T07:57:22.242Z\">22. Jan. 2026<\/time><\/div><\/div>\n\n\n<h2 style=\"font-style:normal;font-weight:400;line-height:1.5; margin-bottom:var(--wp--preset--spacing--xs);\" class=\"wp-block-post-title has-h-6-font-size has-body-font-family\"><a href=\"https:\/\/ibod-fse.s4.klixpert.dev\/ch\/wissenswertes\/wissenswertes\/boden\/anwendung-epoxidharz-vielseitiger-baustoff\/\" target=\"_self\" >Die Anwendung von Epoxidharz: So vielseitig ist der Baustoff f\u00fcr fugenlose B\u00f6den<\/a><\/h2>\n\n<div class=\"wp-block-post-excerpt\"><p class=\"wp-block-post-excerpt__excerpt\">Epoxidharz ist ein \u00e4u\u00dferst vielseitiger Baustoff, der in unterschiedlichsten Bereichen verwendet wird. Erfahren&hellip; <\/p><\/div><\/div>\n\n<\/li><li class=\"wp-block-post post-38988 post type-post status-publish format-standard has-post-thumbnail hentry category-boden\">\n\n<div class=\"wp-block-group is-layout-flow wp-container-core-group-is-layout-530a8303 wp-block-group-is-layout-flow\" style=\"padding-top:0;padding-right:0;padding-bottom:0;padding-left:0\"><figure class=\"wp-block-post-featured-image\"><img loading=\"lazy\" decoding=\"async\" width=\"1000\" height=\"667\" src=\"https:\/\/ibod-fse.s4.klixpert.dev\/app\/uploads\/2024\/11\/epoxidharz-kaufen.-ibod-jpg.webp\" class=\"attachment-post-thumbnail size-post-thumbnail wp-post-image\" alt=\"\" style=\"object-fit:cover;\" srcset=\"https:\/\/ibod-fse.s4.klixpert.dev\/app\/uploads\/2024\/11\/epoxidharz-kaufen.-ibod-jpg.webp 1000w, https:\/\/ibod-fse.s4.klixpert.dev\/app\/uploads\/2024\/11\/epoxidharz-kaufen.-ibod-300x200.webp 300w, https:\/\/ibod-fse.s4.klixpert.dev\/app\/uploads\/2024\/11\/epoxidharz-kaufen.-ibod-768x512.webp 768w, https:\/\/ibod-fse.s4.klixpert.dev\/app\/uploads\/2024\/11\/epoxidharz-kaufen.-ibod-600x400.webp 600w\" sizes=\"auto, (max-width: 1000px) 100vw, 1000px\" \/><\/figure>\n\n\n<div class=\"wp-block-group is-content-justification-space-between is-nowrap is-layout-flex wp-container-core-group-is-layout-fd0b54d3 wp-block-group-is-layout-flex\" style=\"margin-top:20px;margin-bottom:12px\"><div style=\"font-size:14px\" class=\"taxonomy-category has-link-color no-underline wp-elements-be482be040b497de32bd5096d868cd40 wp-block-post-terms has-text-color has-grey-500-color\"><a href=\"https:\/\/ibod-fse.s4.klixpert.dev\/ch\/wissenswertes\/boden\/\" rel=\"tag\">Boden<\/a><\/div>\n\n<div style=\"font-size:14px;text-transform:uppercase;\" class=\"has-link-color wp-elements-9f0b06e725f1a5855d279ff6b2f8c303 wp-block-post-date has-text-color has-grey-500-color\"><time datetime=\"2026-01-22T07:57:22.242Z\">22. Jan. 2026<\/time><\/div><\/div>\n\n\n<h2 style=\"font-style:normal;font-weight:400;line-height:1.5; margin-bottom:var(--wp--preset--spacing--xs);\" class=\"wp-block-post-title has-h-6-font-size has-body-font-family\"><a href=\"https:\/\/ibod-fse.s4.klixpert.dev\/ch\/wissenswertes\/wissenswertes\/boden\/epoxidharz-kaufen\/\" target=\"_self\" >Epoxidharz kaufen \u2013 so werden Sie f\u00fcndig<\/a><\/h2>\n\n<div class=\"wp-block-post-excerpt\"><p class=\"wp-block-post-excerpt__excerpt\">Es gibt viele Gr\u00fcnde, die f\u00fcr die Entscheidung f\u00fcr Epoxidharz sprechen. Wir informieren&hellip; <\/p><\/div><\/div>\n\n<\/li><li class=\"wp-block-post post-38946 post type-post status-publish format-standard has-post-thumbnail hentry category-boden\">\n\n<div class=\"wp-block-group is-layout-flow wp-container-core-group-is-layout-530a8303 wp-block-group-is-layout-flow\" style=\"padding-top:0;padding-right:0;padding-bottom:0;padding-left:0\"><figure class=\"wp-block-post-featured-image\"><img loading=\"lazy\" decoding=\"async\" width=\"1000\" height=\"708\" src=\"https:\/\/ibod-fse.s4.klixpert.dev\/app\/uploads\/2024\/11\/epoxidharzboeden-ibod-jpg.webp\" class=\"attachment-post-thumbnail size-post-thumbnail wp-post-image\" alt=\"\" style=\"object-fit:cover;\" srcset=\"https:\/\/ibod-fse.s4.klixpert.dev\/app\/uploads\/2024\/11\/epoxidharzboeden-ibod-jpg.webp 1000w, https:\/\/ibod-fse.s4.klixpert.dev\/app\/uploads\/2024\/11\/epoxidharzboeden-ibod-300x212.webp 300w, https:\/\/ibod-fse.s4.klixpert.dev\/app\/uploads\/2024\/11\/epoxidharzboeden-ibod-768x544.webp 768w, https:\/\/ibod-fse.s4.klixpert.dev\/app\/uploads\/2024\/11\/epoxidharzboeden-ibod-600x425.webp 600w\" sizes=\"auto, (max-width: 1000px) 100vw, 1000px\" \/><\/figure>\n\n\n<div class=\"wp-block-group is-content-justification-space-between is-nowrap is-layout-flex wp-container-core-group-is-layout-fd0b54d3 wp-block-group-is-layout-flex\" style=\"margin-top:20px;margin-bottom:12px\"><div style=\"font-size:14px\" class=\"taxonomy-category has-link-color no-underline wp-elements-be482be040b497de32bd5096d868cd40 wp-block-post-terms has-text-color has-grey-500-color\"><a href=\"https:\/\/ibod-fse.s4.klixpert.dev\/ch\/wissenswertes\/boden\/\" rel=\"tag\">Boden<\/a><\/div>\n\n<div style=\"font-size:14px;text-transform:uppercase;\" class=\"has-link-color wp-elements-9f0b06e725f1a5855d279ff6b2f8c303 wp-block-post-date has-text-color has-grey-500-color\"><time datetime=\"2026-01-22T07:57:22.242Z\">22. Jan. 2026<\/time><\/div><\/div>\n\n\n<h2 style=\"font-style:normal;font-weight:400;line-height:1.5; margin-bottom:var(--wp--preset--spacing--xs);\" class=\"wp-block-post-title has-h-6-font-size has-body-font-family\"><a href=\"https:\/\/ibod-fse.s4.klixpert.dev\/ch\/wissenswertes\/wissenswertes\/boden\/epoxidharz-boden-loesung-strapazierfaehige-oberflaechen\/\" target=\"_self\" >Epoxidharz Boden: Die perfekte L\u00f6sung f\u00fcr strapazierf\u00e4hige Oberfl\u00e4chen<\/a><\/h2>\n\n<div class=\"wp-block-post-excerpt\"><p class=\"wp-block-post-excerpt__excerpt\">Ein Epoxidharz Boden bietet viele Vorteile f\u00fcr die Industrie, aber auch f\u00fcr Haushalte.&hellip; <\/p><\/div><\/div>\n\n<\/li><\/ul><\/div>\n<\/div>\n<\/div>\n","protected":false},"excerpt":{"rendered":"<p>Rissarm Nicht brennbar Hohe Belastbarkeit doppo EP-Beschichtungen Der fugenlose Bodenbelag f\u00fcr harte Anforderungen. doppo PU-Beschichtungen Der fugenlose Bodenbelag f\u00fcr harte Anforderungen. Kunstharzbeschichtungen von IBOD f\u00fcr Garage und B\u00fcroboden Unsere hochwertigen Kunstharzbeschichtungen sind ideal f\u00fcr Bereiche, die einer hohen Belastung ausgesetzt sind, da sie extrem strapazierf\u00e4hig, abriebfest und langlebig sind. Das Anwendungsspektrum reicht von Garagen, die [&hellip;]<\/p>\n","protected":false},"author":1,"featured_media":0,"parent":492,"menu_order":68,"comment_status":"closed","ping_status":"closed","template":"","meta":{"footnotes":""},"class_list":["post-835","page","type-page","status-publish","hentry"],"_links":{"self":[{"href":"https:\/\/ibod-fse.s4.klixpert.dev\/ch\/wp-json\/wp\/v2\/pages\/835","targetHints":{"allow":["GET"]}}],"collection":[{"href":"https:\/\/ibod-fse.s4.klixpert.dev\/ch\/wp-json\/wp\/v2\/pages"}],"about":[{"href":"https:\/\/ibod-fse.s4.klixpert.dev\/ch\/wp-json\/wp\/v2\/types\/page"}],"author":[{"embeddable":true,"href":"https:\/\/ibod-fse.s4.klixpert.dev\/ch\/wp-json\/wp\/v2\/users\/1"}],"replies":[{"embeddable":true,"href":"https:\/\/ibod-fse.s4.klixpert.dev\/ch\/wp-json\/wp\/v2\/comments?post=835"}],"version-history":[{"count":23,"href":"https:\/\/ibod-fse.s4.klixpert.dev\/ch\/wp-json\/wp\/v2\/pages\/835\/revisions"}],"predecessor-version":[{"id":48246,"href":"https:\/\/ibod-fse.s4.klixpert.dev\/ch\/wp-json\/wp\/v2\/pages\/835\/revisions\/48246"}],"up":[{"embeddable":true,"href":"https:\/\/ibod-fse.s4.klixpert.dev\/ch\/wp-json\/wp\/v2\/pages\/492"}],"wp:attachment":[{"href":"https:\/\/ibod-fse.s4.klixpert.dev\/ch\/wp-json\/wp\/v2\/media?parent=835"}],"curies":[{"name":"wp","href":"https:\/\/api.w.org\/{rel}","templated":true}]}}