{"id":829,"date":"2023-08-28T13:46:06","date_gmt":"2023-08-28T11:46:06","guid":{"rendered":"https:\/\/ibod.klixpert.io\/?page_id=829"},"modified":"2026-03-26T14:17:08","modified_gmt":"2026-03-26T13:17:08","slug":"fugenlose-badgestaltung","status":"publish","type":"page","link":"https:\/\/ibod-fse.s4.klixpert.dev\/ch\/produkte\/fugenlose-badgestaltung\/","title":{"rendered":"Fugenlose Badgestaltung"},"content":{"rendered":"\n<section class=\"wp-block-klx-hero alignfull text-image\" style=\"min-height:600px\"><div class=\"hero-grid\"><div class=\"hero-content\">\n<div class=\"wp-block-klx-google-rating\" style=\"margin-bottom:var(--wp--preset--spacing--m)\"><span class=\"icon google\"><\/span><span class=\"rating\">4.5\/5<\/span><span class=\"icon star\"><\/span><span class=\"icon star\"><\/span><span class=\"icon star\"><\/span><span class=\"icon star\"><\/span><span class=\"icon star-half\"><\/span><\/div>\n\n\n\n<div class=\"wp-block-group is-vertical is-layout-flex wp-container-core-group-is-layout-0bc941e6 wp-block-group-is-layout-flex\">\n<h1 class=\"wp-block-heading\" style=\"margin-bottom:var(--wp--preset--spacing--s)\" id=\"fugenlose-badgestaltung\"><em>Fugenlose Badgestaltung<\/em><\/h1>\n\n\n\n<p>Unser Produkt f\u00fcr die fugenlose Gestaltung Ihres Badezimmers<\/p>\n<\/div>\n<\/div><img loading=\"lazy\" decoding=\"async\" width=\"2000\" height=\"1333\" class=\"hero-image wp-image-37247\" src=\"https:\/\/ibod-fse.s4.klixpert.dev\/app\/uploads\/2024\/08\/IBOD-Purofino-fin.png\" alt=\"IBOD Purofino fin\" style=\"object-position:50% 50%\" data-object-fit=\"cover\" data-object-position=\"50% 50%\" srcset=\"https:\/\/ibod-fse.s4.klixpert.dev\/app\/uploads\/2024\/08\/IBOD-Purofino-fin.png 2000w, https:\/\/ibod-fse.s4.klixpert.dev\/app\/uploads\/2024\/08\/IBOD-Purofino-fin-600x400.png 600w, https:\/\/ibod-fse.s4.klixpert.dev\/app\/uploads\/2024\/08\/IBOD-Purofino-fin-300x200.png 300w, https:\/\/ibod-fse.s4.klixpert.dev\/app\/uploads\/2024\/08\/IBOD-Purofino-fin-1024x682.png 1024w, https:\/\/ibod-fse.s4.klixpert.dev\/app\/uploads\/2024\/08\/IBOD-Purofino-fin-768x512.png 768w, https:\/\/ibod-fse.s4.klixpert.dev\/app\/uploads\/2024\/08\/IBOD-Purofino-fin-1536x1024.png 1536w\" sizes=\"auto, (max-width: 2000px) 100vw, 2000px\" \/><\/div><\/section>\n\n\n<nav style=\"margin-top:var(--wp--preset--spacing--m);margin-bottom:0;\" class=\"wp-block-klx-breadcrumbs\" aria-label=\"Breadcrumb\">\n    <ol class=\"breadcrumbs-list\" itemscope itemtype=\"https:\/\/schema.org\/BreadcrumbList\">\n                    <li itemprop=\"itemListElement\" itemscope itemtype=\"https:\/\/schema.org\/ListItem\">\n                                    <span itemprop=\"name\">IBOD Wand &amp; Boden<\/span>\n                                <meta itemprop=\"position\" content=\"1\" \/>\n            <\/li>\n            <\/ol>\n<\/nav>\n\n\n<div class=\"wp-block-group alignfull mobile-padding-y-xl has-global-padding is-content-justification-center is-layout-constrained wp-block-group-is-layout-constrained\" style=\"padding-top:var(--wp--preset--spacing--xxxl);padding-bottom:var(--wp--preset--spacing--largest)\">\n<div class=\"wp-block-group mobile-padding-x-0 has-global-padding is-layout-constrained wp-container-core-group-is-layout-3b0f2f7d wp-block-group-is-layout-constrained\" style=\"padding-right:20px;padding-left:20px\">\n<div class=\"wp-block-columns mobile-gap-ml mobile-margin-top-0 mobile-margin-bottom-0 is-layout-flex wp-container-core-columns-is-layout-75b874e4 wp-block-columns-is-layout-flex\">\n<div class=\"wp-block-column mobile-margin-bottom-custom mobile-order-minus-1 is-layout-flow wp-block-column-is-layout-flow\">\n<div class=\"wp-block-klx-parallax parallax-block parallax-label-mode\" style=\"height:600px\" data-speed=\"1\"><div class=\"parallax-image\" style=\"background-image:url(https:\/\/ibod-fse.s4.klixpert.dev\/app\/uploads\/2023\/11\/doppo-ambiente-pro-nassbereich-jpg-webp.webp);background-size:cover;background-repeat:no-repeat;background-position:50% 50%;margin-right:auto\"><\/div><div class=\"label label-bottom-left\">\n<p>Doppo purofino<\/p>\n<\/div><\/div>\n<\/div>\n\n\n\n<div class=\"wp-block-column is-vertically-aligned-center mobile-order-1 display-flex is-layout-flow wp-block-column-is-layout-flow\">\n<div class=\"wp-block-group margin-y-auto is-layout-flow wp-block-group-is-layout-flow\">\n<h3 class=\"wp-block-heading\" id=\"doppo-purofino\"><em>doppo Purofino<\/em><\/h3>\n\n\n\n<p>Die verarbeitungsfertige 1K-Spachtel&nbsp;<a href=\"https:\/\/ibod-fse.s4.klixpert.dev\/produkte\/mineralische-bodenbeschichtungen\/doppo-ambiente-pro\/\">doppo Purofino<\/a>, inspiriert von zeitloser und moderner Architektur, ist ideal f\u00fcr Wand- und Bodenfl\u00e4chen im Trockenbereich, aber auch in Nasszellen wie z.B. Duschen. Dank der hohen Abriebfestigkeit auch unter anspruchsvollen Bedingungen ihre Sch\u00f6nheit und bleibt zu 100 % wasserdicht.<\/p>\n\n\n\n<p>Sie vereint \u00c4sthetik, Funktionalit\u00e4t und Langlebigkeit und ist die perfekte Wahl f\u00fcr anspruchsvolle architektonische Projekte.<\/p>\n\n\n\n<div class=\"wp-block-buttons is-layout-flex wp-block-buttons-is-layout-flex\">\n<div class=\"wp-block-button is-style-ghost-darker\"><a class=\"wp-block-button__link wp-element-button\" href=\"https:\/\/ibod-fse.s4.klixpert.dev\/doppo-purofino-1k-microtec-spachtelmasse\/\">Zu doppo Purofino <\/a><\/div>\n<\/div>\n<\/div>\n<\/div>\n<\/div>\n<\/div>\n<\/div>\n\n\n\n<div class=\"wp-block-group has-global-padding is-layout-constrained wp-block-group-is-layout-constrained\" style=\"margin-top:var(--wp--preset--spacing--xxxl);margin-bottom:var(--wp--preset--spacing--xxxl)\">\n<div class=\"wp-block-columns is-layout-flex wp-container-core-columns-is-layout-28f84493 wp-block-columns-is-layout-flex\">\n<div class=\"wp-block-column is-layout-flow wp-block-column-is-layout-flow\" style=\"border-top-color:var(--wp--preset--color--grey-200);border-top-width:1px\">\n<div class=\"wp-block-group is-nowrap is-layout-flex wp-container-core-group-is-layout-150b00ca wp-block-group-is-layout-flex\" style=\"padding-top:var(--wp--preset--spacing--ml)\">\n<figure class=\"wp-block-image size-full is-resized\"><img decoding=\"async\" src=\"https:\/\/ibod-fse.s4.klixpert.dev\/app\/uploads\/2023\/09\/pflegeleicht.svg\" alt=\"\" class=\"wp-image-10490\" style=\"width:64px\"\/><\/figure>\n\n\n\n<h3 class=\"wp-block-heading has-h-6-font-size\" id=\"pflegeleicht\">Pflegeleicht<\/h3>\n<\/div>\n<\/div>\n\n\n\n<div class=\"wp-block-column is-layout-flow wp-block-column-is-layout-flow\" style=\"border-top-color:var(--wp--preset--color--grey-200);border-top-width:1px\">\n<div class=\"wp-block-group is-nowrap is-layout-flex wp-container-core-group-is-layout-150b00ca wp-block-group-is-layout-flex\" style=\"padding-top:var(--wp--preset--spacing--ml)\">\n<figure class=\"wp-block-image size-full is-resized\"><img decoding=\"async\" src=\"https:\/\/ibod-fse.s4.klixpert.dev\/app\/uploads\/2023\/09\/wasserundurchlaessig.svg\" alt=\"\" class=\"wp-image-1882\" style=\"width:64px\"\/><\/figure>\n\n\n\n<h3 class=\"wp-block-heading has-h-6-font-size\" id=\"wasserundurchlaessig\">Wasserundurchl\u00e4ssig<\/h3>\n<\/div>\n<\/div>\n\n\n\n<div class=\"wp-block-column is-layout-flow wp-block-column-is-layout-flow\" style=\"border-top-color:var(--wp--preset--color--grey-200);border-top-width:1px\">\n<div class=\"wp-block-group is-nowrap is-layout-flex wp-container-core-group-is-layout-150b00ca wp-block-group-is-layout-flex\" style=\"padding-top:var(--wp--preset--spacing--ml)\">\n<figure class=\"wp-block-image size-full is-resized\"><img decoding=\"async\" src=\"https:\/\/ibod-fse.s4.klixpert.dev\/app\/uploads\/2023\/09\/hygienisch.svg\" alt=\"\" class=\"wp-image-4589\" style=\"width:64px\"\/><\/figure>\n\n\n\n<h3 class=\"wp-block-heading has-h-6-font-size\" id=\"hygienisch\">Hygienisch<\/h3>\n<\/div>\n<\/div>\n<\/div>\n<\/div>\n\n\n\n<div class=\"wp-block-group alignfull mobile-padding-y-xl has-grey-100-background-color has-background has-global-padding is-content-justification-center is-layout-constrained wp-block-group-is-layout-constrained\" style=\"padding-top:var(--wp--preset--spacing--xxxl);padding-bottom:var(--wp--preset--spacing--largest)\">\n<div class=\"wp-block-group mobile-padding-x-0 has-global-padding is-layout-constrained wp-container-core-group-is-layout-3b0f2f7d wp-block-group-is-layout-constrained\" style=\"padding-right:20px;padding-left:20px\">\n<div class=\"wp-block-columns are-vertically-aligned-center is-layout-flex wp-container-core-columns-is-layout-28f84493 wp-block-columns-is-layout-flex\">\n<div class=\"wp-block-column is-vertically-aligned-center is-layout-flow wp-block-column-is-layout-flow\">\n<h2 class=\"wp-block-heading\" id=\"die-vorteile-vom-fugenlosen-badezimmer\">Die Vorteile vom fugenlosen Badezimmer<\/h2>\n\n\n\n<p>Das fugenlose Badezimmer bietet zahlreiche Vorteile, die es zu einer attraktiven Wahl f\u00fcr jedes Zuhause, aber auch f\u00fcr jedes Hotel o.\u00c4., machen.<\/p>\n\n\n\n<p>Durch die fugenlose Gestaltung entsteht eine nahtlose, elegante Optik, die dem Raum eine moderne und gro\u00dfz\u00fcgige Atmosph\u00e4re verleiht. Diese Art von Badezimmer ist besonders pflegeleicht, da ohne Fugen die Ansammlung von Schmutz und Bakterien deutlich reduziert wird, was die Reinigung vereinfacht und die Hygiene verbessert. <\/p>\n\n\n\n<p>Die fugenlose Oberfl\u00e4che sorgt zudem f\u00fcr eine bessere Feuchtigkeitsresistenz, was das Risiko von Schimmelbildung minimiert und die Langlebigkeit des Badezimmers erh\u00f6ht. Dar\u00fcber hinaus erm\u00f6glichen fugenlose B\u00e4der eine individuelle Gestaltung mit einer Vielzahl an Farben und Texturen, sodass jedes Badezimmer zu einem einzigartigen Raum wird.<\/p>\n\n\n\n<div class=\"wp-block-buttons is-layout-flex wp-block-buttons-is-layout-flex\">\n<div class=\"wp-block-button is-style-underline\"><a class=\"wp-block-button__link wp-element-button\" href=\"https:\/\/ibod-fse.s4.klixpert.dev\/kontakt\/\">Jetzt Anfragen<\/a><\/div>\n<\/div>\n<\/div>\n\n\n\n<div class=\"wp-block-column is-vertically-aligned-center is-layout-flow wp-block-column-is-layout-flow\">\n<figure class=\"wp-block-image size-large is-style-aspect-4-5\"><img loading=\"lazy\" decoding=\"async\" width=\"1024\" height=\"683\" src=\"https:\/\/ibod-fse.s4.klixpert.dev\/app\/uploads\/2024\/01\/vorteile-fugenloses-badezimmer-1024x683.webp\" alt=\"Die Vorteile vom fugenlosen Badezimmer\" class=\"wp-image-7642\" srcset=\"https:\/\/ibod-fse.s4.klixpert.dev\/app\/uploads\/2024\/01\/vorteile-fugenloses-badezimmer-1024x683.webp 1024w, https:\/\/ibod-fse.s4.klixpert.dev\/app\/uploads\/2024\/01\/vorteile-fugenloses-badezimmer-300x200.webp 300w, https:\/\/ibod-fse.s4.klixpert.dev\/app\/uploads\/2024\/01\/vorteile-fugenloses-badezimmer-768x512.webp 768w, https:\/\/ibod-fse.s4.klixpert.dev\/app\/uploads\/2024\/01\/vorteile-fugenloses-badezimmer-600x400.webp 600w, https:\/\/ibod-fse.s4.klixpert.dev\/app\/uploads\/2024\/01\/vorteile-fugenloses-badezimmer-jpg-webp.webp 1499w\" sizes=\"auto, (max-width: 1024px) 100vw, 1024px\" \/><\/figure>\n<\/div>\n<\/div>\n\n\n\n<div class=\"wp-block-columns are-vertically-aligned-center is-layout-flex wp-container-core-columns-is-layout-231ecbe3 wp-block-columns-is-layout-flex\" style=\"margin-top:var(--wp--preset--spacing--xxxl)\">\n<div class=\"wp-block-column is-vertically-aligned-center is-layout-flow wp-block-column-is-layout-flow\">\n<figure class=\"wp-block-image size-large is-style-default\"><img loading=\"lazy\" decoding=\"async\" width=\"768\" height=\"1024\" src=\"https:\/\/ibod-fse.s4.klixpert.dev\/app\/uploads\/2024\/01\/ein-produkt-fugenloses-badezimmer-768x1024.webp\" alt=\"Ein Produkt f\u00fcr Ihr fugenloses Bad \u2013 die doppo Purofino\" class=\"wp-image-7639\" srcset=\"https:\/\/ibod-fse.s4.klixpert.dev\/app\/uploads\/2024\/01\/ein-produkt-fugenloses-badezimmer-768x1024.webp 768w, https:\/\/ibod-fse.s4.klixpert.dev\/app\/uploads\/2024\/01\/ein-produkt-fugenloses-badezimmer-225x300.webp 225w, https:\/\/ibod-fse.s4.klixpert.dev\/app\/uploads\/2024\/01\/ein-produkt-fugenloses-badezimmer-1152x1536.webp 1152w, https:\/\/ibod-fse.s4.klixpert.dev\/app\/uploads\/2024\/01\/ein-produkt-fugenloses-badezimmer-600x800.webp 600w, https:\/\/ibod-fse.s4.klixpert.dev\/app\/uploads\/2024\/01\/ein-produkt-fugenloses-badezimmer-jpeg-webp.webp 1536w\" sizes=\"auto, (max-width: 768px) 100vw, 768px\" \/><\/figure>\n<\/div>\n\n\n\n<div class=\"wp-block-column is-vertically-aligned-center is-layout-flow wp-block-column-is-layout-flow\">\n<h2 class=\"wp-block-heading\" id=\"ein-produkt-fuer-ihr-fugenloses-badezimmer\">Ein Produkt f\u00fcr Ihr fugenloses Badezimmer<\/h2>\n\n\n\n<p>Die doppo Purofino ist das ideale Produkt f\u00fcr Ihr Badezimmer, welches Design, Funktionalit\u00e4t und Langlebigkeit in sich vereint. Diese hochwertige Spachtelmasse wurde speziell entwickelt, um Badezimmern einen modernen und zugleich zeitlosen Look zu verleihen.<\/p>\n\n\n\n<p>Mit seiner einzigartigen Formel bietet die doppo Purofino eine au\u00dfergew\u00f6hnliche Best\u00e4ndigkeit gegen Feuchtigkeit und allt\u00e4gliche Abnutzung, was es zur perfekten Wahl f\u00fcr den anspruchsvollen Nassbereich macht. Seine einfache Anwendbarkeit erm\u00f6glicht eine schnelle und effiziente Gestaltung oder Renovierung Ihres Badezimmers, ohne auf Qualit\u00e4t und \u00c4sthetik verzichten zu m\u00fcssen.<\/p>\n\n\n\n<p>Die Palette an verf\u00fcgbaren Farben und Texturen l\u00e4sst keine W\u00fcnsche offen und garantiert, dass Sie genau den Stil finden, der zu Ihnen passt. Ob Sie eine elegante, minimalistische Atmosph\u00e4re oder ein lebendiges, farbenfrohes Ambiente bevorzugen, die doppo Purofino ist die L\u00f6sung, um Ihr Badezimmer in eine fugenlose Wohlf\u00fchloase zu verwandeln.<\/p>\n\n\n\n<div class=\"wp-block-buttons is-layout-flex wp-block-buttons-is-layout-flex\">\n<div class=\"wp-block-button is-style-underline\"><a class=\"wp-block-button__link wp-element-button\" href=\"https:\/\/ibod-fse.s4.klixpert.dev\/kontakt\/\">Kontaktieren Sie uns<\/a><\/div>\n<\/div>\n<\/div>\n<\/div>\n<\/div>\n<\/div>\n\n\n\n<div class=\"wp-block-group mobile-padding-bottom-xxl has-global-padding is-layout-constrained wp-block-group-is-layout-constrained\" style=\"padding-bottom:var(--wp--preset--spacing--largest)\">\n<div class=\"wp-block-group mobile-width-100 has-global-padding is-content-justification-left is-layout-constrained wp-container-core-group-is-layout-12dd3699 wp-block-group-is-layout-constrained\">\n<div class=\"wp-block-group mobile-margin-bottom-ml is-content-justification-space-between is-nowrap is-layout-flex wp-container-core-group-is-layout-7aecb5be wp-block-group-is-layout-flex\" style=\"margin-bottom:var(--wp--preset--spacing--xl)\">\n<h2 class=\"wp-block-heading\" id=\"wissenswertes-zum-fugenlosen-bad\">Wissenswertes zum fugenlosen Bad<\/h2>\n\n\n\n<div class=\"wp-block-buttons is-layout-flex wp-block-buttons-is-layout-flex\">\n<div class=\"wp-block-button is-style-underline\"><a class=\"wp-block-button__link wp-element-button\" href=\"https:\/\/ibod-fse.s4.klixpert.dev\/wissenswertes\/bad\/\">Zum Blog<\/a><\/div>\n<\/div>\n<\/div>\n\n\n\n<div class=\"wp-block-query is-style-clickable-posts is-layout-flow wp-block-query-is-layout-flow\"><ul class=\"columns-3 mobile-gap-ml wp-block-post-template is-layout-grid wp-container-core-post-template-is-layout-ac3730aa wp-block-post-template-is-layout-grid\"><li class=\"wp-block-post post-39202 post type-post status-publish format-standard has-post-thumbnail hentry category-bad\">\n\n<div class=\"wp-block-group is-layout-flow wp-container-core-group-is-layout-530a8303 wp-block-group-is-layout-flow\" style=\"padding-top:0;padding-right:0;padding-bottom:0;padding-left:0\"><figure class=\"wp-block-post-featured-image\"><img loading=\"lazy\" decoding=\"async\" width=\"2000\" height=\"1334\" src=\"https:\/\/ibod-fse.s4.klixpert.dev\/app\/uploads\/2025\/01\/fugenloses-bad-design.webp\" class=\"attachment-post-thumbnail size-post-thumbnail wp-post-image\" alt=\"Fugenloses Bad Design \u2013 was macht es so besonders?\" style=\"object-fit:cover;\" srcset=\"https:\/\/ibod-fse.s4.klixpert.dev\/app\/uploads\/2025\/01\/fugenloses-bad-design.webp 2000w, https:\/\/ibod-fse.s4.klixpert.dev\/app\/uploads\/2025\/01\/fugenloses-bad-design-300x200.webp 300w, https:\/\/ibod-fse.s4.klixpert.dev\/app\/uploads\/2025\/01\/fugenloses-bad-design-1024x683.webp 1024w, https:\/\/ibod-fse.s4.klixpert.dev\/app\/uploads\/2025\/01\/fugenloses-bad-design-768x512.webp 768w, https:\/\/ibod-fse.s4.klixpert.dev\/app\/uploads\/2025\/01\/fugenloses-bad-design-1536x1025.webp 1536w, https:\/\/ibod-fse.s4.klixpert.dev\/app\/uploads\/2025\/01\/fugenloses-bad-design-600x400.webp 600w\" sizes=\"auto, (max-width: 2000px) 100vw, 2000px\" \/><\/figure>\n\n\n<div class=\"wp-block-group is-content-justification-space-between is-nowrap is-layout-flex wp-container-core-group-is-layout-fd0b54d3 wp-block-group-is-layout-flex\" style=\"margin-top:20px;margin-bottom:12px\"><div style=\"font-size:14px\" class=\"taxonomy-category has-link-color no-underline wp-elements-be482be040b497de32bd5096d868cd40 wp-block-post-terms has-text-color has-grey-500-color\"><a href=\"https:\/\/ibod-fse.s4.klixpert.dev\/ch\/wissenswertes\/bad\/\" rel=\"tag\">Bad<\/a><\/div>\n\n<div style=\"font-size:14px;text-transform:uppercase;\" class=\"has-link-color wp-elements-9f0b06e725f1a5855d279ff6b2f8c303 wp-block-post-date has-text-color has-grey-500-color\"><time datetime=\"2026-01-22T07:57:22.242Z\">22. Jan. 2026<\/time><\/div><\/div>\n\n\n<h2 style=\"font-style:normal;font-weight:400;line-height:1.5; margin-bottom:var(--wp--preset--spacing--xs);\" class=\"wp-block-post-title has-h-6-font-size has-body-font-family\"><a href=\"https:\/\/ibod-fse.s4.klixpert.dev\/ch\/wissenswertes\/wissenswertes\/bad\/fugenloses-bad-design\/\" target=\"_self\" >Fugenloses Bad Design \u2013 was macht es so besonders?<\/a><\/h2>\n\n<div class=\"wp-block-post-excerpt\"><p class=\"wp-block-post-excerpt__excerpt\">Fugenloses Baddesign ist \u00e4sthetisch, pflegeleicht und wandelbar. Erfahren Sie hier, welche Eigenschaften es&hellip; <\/p><\/div><\/div>\n\n<\/li><li class=\"wp-block-post post-39200 post type-post status-publish format-standard has-post-thumbnail hentry category-bad\">\n\n<div class=\"wp-block-group is-layout-flow wp-container-core-group-is-layout-530a8303 wp-block-group-is-layout-flow\" style=\"padding-top:0;padding-right:0;padding-bottom:0;padding-left:0\"><figure class=\"wp-block-post-featured-image\"><img loading=\"lazy\" decoding=\"async\" width=\"2000\" height=\"1334\" src=\"https:\/\/ibod-fse.s4.klixpert.dev\/app\/uploads\/2025\/01\/fugenlose-badrenovierung.webp\" class=\"attachment-post-thumbnail size-post-thumbnail wp-post-image\" alt=\"Fugenlose Badrenovierung: Zeitlos modern und pflegeleicht\" style=\"object-fit:cover;\" srcset=\"https:\/\/ibod-fse.s4.klixpert.dev\/app\/uploads\/2025\/01\/fugenlose-badrenovierung.webp 2000w, https:\/\/ibod-fse.s4.klixpert.dev\/app\/uploads\/2025\/01\/fugenlose-badrenovierung-300x200.webp 300w, https:\/\/ibod-fse.s4.klixpert.dev\/app\/uploads\/2025\/01\/fugenlose-badrenovierung-1024x683.webp 1024w, https:\/\/ibod-fse.s4.klixpert.dev\/app\/uploads\/2025\/01\/fugenlose-badrenovierung-768x512.webp 768w, https:\/\/ibod-fse.s4.klixpert.dev\/app\/uploads\/2025\/01\/fugenlose-badrenovierung-1536x1025.webp 1536w, https:\/\/ibod-fse.s4.klixpert.dev\/app\/uploads\/2025\/01\/fugenlose-badrenovierung-600x400.webp 600w\" sizes=\"auto, (max-width: 2000px) 100vw, 2000px\" \/><\/figure>\n\n\n<div class=\"wp-block-group is-content-justification-space-between is-nowrap is-layout-flex wp-container-core-group-is-layout-fd0b54d3 wp-block-group-is-layout-flex\" style=\"margin-top:20px;margin-bottom:12px\"><div style=\"font-size:14px\" class=\"taxonomy-category has-link-color no-underline wp-elements-be482be040b497de32bd5096d868cd40 wp-block-post-terms has-text-color has-grey-500-color\"><a href=\"https:\/\/ibod-fse.s4.klixpert.dev\/ch\/wissenswertes\/bad\/\" rel=\"tag\">Bad<\/a><\/div>\n\n<div style=\"font-size:14px;text-transform:uppercase;\" class=\"has-link-color wp-elements-9f0b06e725f1a5855d279ff6b2f8c303 wp-block-post-date has-text-color has-grey-500-color\"><time datetime=\"2026-01-22T07:57:22.242Z\">22. Jan. 2026<\/time><\/div><\/div>\n\n\n<h2 style=\"font-style:normal;font-weight:400;line-height:1.5; margin-bottom:var(--wp--preset--spacing--xs);\" class=\"wp-block-post-title has-h-6-font-size has-body-font-family\"><a href=\"https:\/\/ibod-fse.s4.klixpert.dev\/ch\/wissenswertes\/wissenswertes\/bad\/fugenlose-badrenovierung\/\" target=\"_self\" >Fugenlose Badrenovierung: Zeitlos modern und pflegeleicht<\/a><\/h2>\n\n<div class=\"wp-block-post-excerpt\"><p class=\"wp-block-post-excerpt__excerpt\">Mit einer fugenlosen Badrenovierung sparen Sie sich Baul\u00e4rm &#038; Schutt. Das Ergebnis ist&hellip; <\/p><\/div><\/div>\n\n<\/li><li class=\"wp-block-post post-39197 post type-post status-publish format-standard has-post-thumbnail hentry category-bad\">\n\n<div class=\"wp-block-group is-layout-flow wp-container-core-group-is-layout-530a8303 wp-block-group-is-layout-flow\" style=\"padding-top:0;padding-right:0;padding-bottom:0;padding-left:0\"><figure class=\"wp-block-post-featured-image\"><img loading=\"lazy\" decoding=\"async\" width=\"2560\" height=\"1704\" src=\"https:\/\/ibod-fse.s4.klixpert.dev\/app\/uploads\/2025\/01\/badezimmer-umbau-beachten-scaled.webp\" class=\"attachment-post-thumbnail size-post-thumbnail wp-post-image\" alt=\"Was gibt es zu beachten beim Badezimmer Umbau?\" style=\"object-fit:cover;\" srcset=\"https:\/\/ibod-fse.s4.klixpert.dev\/app\/uploads\/2025\/01\/badezimmer-umbau-beachten-scaled.webp 2560w, https:\/\/ibod-fse.s4.klixpert.dev\/app\/uploads\/2025\/01\/badezimmer-umbau-beachten-300x200.webp 300w, https:\/\/ibod-fse.s4.klixpert.dev\/app\/uploads\/2025\/01\/badezimmer-umbau-beachten-1024x682.webp 1024w, https:\/\/ibod-fse.s4.klixpert.dev\/app\/uploads\/2025\/01\/badezimmer-umbau-beachten-768x511.webp 768w, https:\/\/ibod-fse.s4.klixpert.dev\/app\/uploads\/2025\/01\/badezimmer-umbau-beachten-1536x1022.webp 1536w, https:\/\/ibod-fse.s4.klixpert.dev\/app\/uploads\/2025\/01\/badezimmer-umbau-beachten-2048x1363.webp 2048w, https:\/\/ibod-fse.s4.klixpert.dev\/app\/uploads\/2025\/01\/badezimmer-umbau-beachten-600x399.webp 600w\" sizes=\"auto, (max-width: 2560px) 100vw, 2560px\" \/><\/figure>\n\n\n<div class=\"wp-block-group is-content-justification-space-between is-nowrap is-layout-flex wp-container-core-group-is-layout-fd0b54d3 wp-block-group-is-layout-flex\" style=\"margin-top:20px;margin-bottom:12px\"><div style=\"font-size:14px\" class=\"taxonomy-category has-link-color no-underline wp-elements-be482be040b497de32bd5096d868cd40 wp-block-post-terms has-text-color has-grey-500-color\"><a href=\"https:\/\/ibod-fse.s4.klixpert.dev\/ch\/wissenswertes\/bad\/\" rel=\"tag\">Bad<\/a><\/div>\n\n<div style=\"font-size:14px;text-transform:uppercase;\" class=\"has-link-color wp-elements-9f0b06e725f1a5855d279ff6b2f8c303 wp-block-post-date has-text-color has-grey-500-color\"><time datetime=\"2026-01-22T07:57:22.242Z\">22. Jan. 2026<\/time><\/div><\/div>\n\n\n<h2 style=\"font-style:normal;font-weight:400;line-height:1.5; margin-bottom:var(--wp--preset--spacing--xs);\" class=\"wp-block-post-title has-h-6-font-size has-body-font-family\"><a href=\"https:\/\/ibod-fse.s4.klixpert.dev\/ch\/wissenswertes\/wissenswertes\/bad\/badezimmer-umbau\/\" target=\"_self\" >Was gibt es zu beachten beim Badezimmer Umbau?<\/a><\/h2>\n\n<div class=\"wp-block-post-excerpt\"><p class=\"wp-block-post-excerpt__excerpt\">Ein Badezimmer Umbau will gut geplant sein. Hier erfahren Sie, was Sie f\u00fcr&hellip; <\/p><\/div><\/div>\n\n<\/li><\/ul><\/div>\n<\/div>\n<\/div>\n","protected":false},"excerpt":{"rendered":"<p>doppo Purofino Die verarbeitungsfertige 1K-Spachtel&nbsp;doppo Purofino, inspiriert von zeitloser und moderner Architektur, ist ideal f\u00fcr Wand- und Bodenfl\u00e4chen im Trockenbereich, aber auch in Nasszellen wie z.B. Duschen. Dank der hohen Abriebfestigkeit auch unter anspruchsvollen Bedingungen ihre Sch\u00f6nheit und bleibt zu 100 % wasserdicht. Sie vereint \u00c4sthetik, Funktionalit\u00e4t und Langlebigkeit und ist die perfekte Wahl f\u00fcr [&hellip;]<\/p>\n","protected":false},"author":1,"featured_media":0,"parent":492,"menu_order":64,"comment_status":"closed","ping_status":"closed","template":"","meta":{"footnotes":""},"class_list":["post-829","page","type-page","status-publish","hentry"],"_links":{"self":[{"href":"https:\/\/ibod-fse.s4.klixpert.dev\/ch\/wp-json\/wp\/v2\/pages\/829","targetHints":{"allow":["GET"]}}],"collection":[{"href":"https:\/\/ibod-fse.s4.klixpert.dev\/ch\/wp-json\/wp\/v2\/pages"}],"about":[{"href":"https:\/\/ibod-fse.s4.klixpert.dev\/ch\/wp-json\/wp\/v2\/types\/page"}],"author":[{"embeddable":true,"href":"https:\/\/ibod-fse.s4.klixpert.dev\/ch\/wp-json\/wp\/v2\/users\/1"}],"replies":[{"embeddable":true,"href":"https:\/\/ibod-fse.s4.klixpert.dev\/ch\/wp-json\/wp\/v2\/comments?post=829"}],"version-history":[{"count":22,"href":"https:\/\/ibod-fse.s4.klixpert.dev\/ch\/wp-json\/wp\/v2\/pages\/829\/revisions"}],"predecessor-version":[{"id":48245,"href":"https:\/\/ibod-fse.s4.klixpert.dev\/ch\/wp-json\/wp\/v2\/pages\/829\/revisions\/48245"}],"up":[{"embeddable":true,"href":"https:\/\/ibod-fse.s4.klixpert.dev\/ch\/wp-json\/wp\/v2\/pages\/492"}],"wp:attachment":[{"href":"https:\/\/ibod-fse.s4.klixpert.dev\/ch\/wp-json\/wp\/v2\/media?parent=829"}],"curies":[{"name":"wp","href":"https:\/\/api.w.org\/{rel}","templated":true}]}}