{"id":2697,"date":"2023-09-12T00:17:45","date_gmt":"2023-09-11T22:17:45","guid":{"rendered":"https:\/\/ibod.klixpert.io\/?page_id=2697"},"modified":"2026-03-05T15:52:29","modified_gmt":"2026-03-05T14:52:29","slug":"beratung-anfordern","status":"publish","type":"page","link":"https:\/\/ibod-fse.s4.klixpert.dev\/ch\/beratung-anfordern\/","title":{"rendered":"Beratung anfordern"},"content":{"rendered":"\n<div class=\"wp-block-group alignfull partner-form has-grey-100-background-color has-background has-global-padding is-layout-constrained wp-block-group-is-layout-constrained\" id=\"kontakt\" style=\"margin-top:0;margin-bottom:0;padding-top:var(--wp--preset--spacing--xxl);padding-bottom:var(--wp--preset--spacing--largest)\"><nav class=\"wp-block-klx-breadcrumbs\" aria-label=\"Breadcrumb\">\n    <ol class=\"breadcrumbs-list\" itemscope itemtype=\"https:\/\/schema.org\/BreadcrumbList\">\n                    <li itemprop=\"itemListElement\" itemscope itemtype=\"https:\/\/schema.org\/ListItem\">\n                                    <span itemprop=\"name\">IBOD Wand &amp; Boden<\/span>\n                                <meta itemprop=\"position\" content=\"1\" \/>\n            <\/li>\n            <\/ol>\n<\/nav>\n\n\n<div class=\"wp-block-group has-global-padding is-layout-constrained wp-block-group-is-layout-constrained\">\n<div class=\"wp-block-columns is-layout-flex wp-container-core-columns-is-layout-e0b60340 wp-block-columns-is-layout-flex\">\n<div class=\"wp-block-column is-vertically-aligned-center is-layout-flow wp-block-column-is-layout-flow\">\n<h2 class=\"wp-block-heading\" id=\"unverbindliche-beratung-anfordern\">Unverbindliche<em> Beratung<\/em> anfordern<\/h2>\n\n\n\n<p>Sie haben Fragen zu unseren Produkten oder ben\u00f6tigen eine intensivere Beratung? Dann verwenden Sie bitte das folgende Formular. Unser Expertenteam steht Ihnen gerne zur Verf\u00fcgung und wird sich schnellstm\u00f6glich mit Ihnen in Verbindung setzen, um all Ihre Fragen zu beantworten und individuelle L\u00f6sungen vorzuschlagen.<\/p>\n\n\n\n<p>Wir legen gro\u00dfen Wert auf eine pers\u00f6nliche und fachgerechte Beratung, um sicherzustellen, dass Sie genau die Informationen und Unterst\u00fctzung erhalten, die Sie ben\u00f6tigen. Wir freuen uns auf Ihre Anfrage!<\/p>\n\n\n\n<div class=\"wp-block-group has-global-padding is-layout-constrained wp-block-group-is-layout-constrained\">\n<div class=\"wp-block-columns is-layout-flex wp-container-core-columns-is-layout-9b75e156 wp-block-columns-is-layout-flex\">\n<div class=\"wp-block-column is-layout-flow wp-block-column-is-layout-flow\" style=\"flex-basis:33.33%\">\n<figure class=\"wp-block-image size-full\"><img loading=\"lazy\" decoding=\"async\" width=\"714\" height=\"650\" src=\"https:\/\/ibod-fse.s4.klixpert.dev\/app\/uploads\/2023\/09\/ibod-jasmin-geiger-jpg-webp.webp\" alt=\"Jasmin Geiger von IBOD\" class=\"wp-image-1573\" srcset=\"https:\/\/ibod-fse.s4.klixpert.dev\/app\/uploads\/2023\/09\/ibod-jasmin-geiger-jpg-webp.webp 714w, https:\/\/ibod-fse.s4.klixpert.dev\/app\/uploads\/2023\/09\/ibod-jasmin-geiger-jpg-webp-300x273.webp 300w, https:\/\/ibod-fse.s4.klixpert.dev\/app\/uploads\/2023\/09\/ibod-jasmin-geiger-jpg-webp-600x546.webp 600w\" sizes=\"auto, (max-width: 714px) 100vw, 714px\" \/><\/figure>\n<\/div>\n\n\n\n<div class=\"wp-block-column is-vertically-aligned-center is-layout-flow wp-block-column-is-layout-flow\" style=\"flex-basis:66.66%\">\n<p><strong>Jasmin Geiger<\/strong><\/p>\n\n\n\n<p>IBOD Wand &amp; Boden &#8211; Industrieboden GmbH<br>Amerling 120 6233 Kramsach<br>\u00d6sterreich<\/p>\n<\/div>\n<\/div>\n<\/div>\n<\/div>\n\n\n\n<div class=\"wp-block-column is-layout-flow wp-block-column-is-layout-flow\"><div class=\"wpforms-container wpforms-form-abandonment wpforms-block wpforms-block-adf3d39e-3a1d-4637-ac17-52749c1e1c19 wpforms-render-modern\" id=\"wpforms-15809\"><form id=\"wpforms-form-15809\" class=\"wpforms-validate wpforms-form wpforms-ajax-form\" data-formid=\"15809\" method=\"post\" enctype=\"multipart\/form-data\" action=\"\/ch\/wp-json\/wp\/v2\/pages\/2697\" data-token=\"d33736b00e5f738af4ccb623ee6bba56\" data-token-time=\"1776423664\"><noscript class=\"wpforms-error-noscript\">Please enable JavaScript in your browser to complete this form.<\/noscript><div id=\"wpforms-error-noscript\" style=\"display: none;\">Please enable JavaScript in your browser to complete this form.<\/div><div class=\"wpforms-page-indicator connector\" data-indicator=\"connector\" data-indicator-color=\"#066aab\" data-scroll=\"1\" role=\"progressbar\" aria-valuenow=\"1\" aria-valuemin=\"1\" aria-valuemax=\"3\" tabindex=\"-1\"><div class=\"wpforms-page-indicator-page active wpforms-page-indicator-page-1\" style=\"min-width:33.333333333333%;\" data-page=\"1\"><span class=\"wpforms-page-indicator-page-number\" style=\"background-color:#066aab\" data-page=\"1\">1<span class=\"wpforms-page-indicator-page-triangle\" style=\"border-top-color:#066aab\"><\/span><\/span><span class=\"wpforms-page-indicator-page-title\">Ihre Angaben<\/span><\/div><div class=\"wpforms-page-indicator-page  wpforms-page-indicator-page-2\" style=\"min-width:33.333333333333%;\" data-page=\"2\"><span class=\"wpforms-page-indicator-page-number\"  data-page=\"2\">2<span class=\"wpforms-page-indicator-page-triangle\" ><\/span><\/span><span class=\"wpforms-page-indicator-page-title\">Produkt\/Anwendung<\/span><\/div><div class=\"wpforms-page-indicator-page  wpforms-page-indicator-page-3\" style=\"min-width:33.333333333333%;\" data-page=\"3\"><span class=\"wpforms-page-indicator-page-number\"  data-page=\"3\">3<span class=\"wpforms-page-indicator-page-triangle\" ><\/span><\/span><span class=\"wpforms-page-indicator-page-title\">Weitere Angaben<\/span><\/div><\/div><div class=\"wpforms-field-container\"><div class=\"wpforms-page wpforms-page-1 \" data-page=\"1\"><div id=\"wpforms-15809-field_17-container\" class=\"wpforms-field wpforms-field-pagebreak\" data-field-id=\"17\"><\/div><div id=\"wpforms-15809-field_11-container\" class=\"wpforms-field wpforms-field-layout\" data-field-id=\"11\"><div class=\"wpforms-field-layout-columns wpforms-field-layout-preset-50-50\"><div class=\"wpforms-layout-column wpforms-layout-column-50\" ><div id=\"wpforms-15809-field_76-container\" class=\"wpforms-field wpforms-field-name\" data-field-id=\"76\"><label class=\"wpforms-field-label wpforms-label-hide\" for=\"wpforms-15809-field_76\" aria-hidden=\"false\">Vorname <span class=\"wpforms-required-label\" aria-hidden=\"true\">*<\/span><\/label><input type=\"text\" id=\"wpforms-15809-field_76\" class=\"wpforms-field-medium wpforms-field-required\" name=\"wpforms[fields][76]\" placeholder=\"Vorname*\" aria-errormessage=\"wpforms-15809-field_76-error\" required><\/div><\/div><div class=\"wpforms-layout-column wpforms-layout-column-50\" ><div id=\"wpforms-15809-field_77-container\" class=\"wpforms-field wpforms-field-name\" data-field-id=\"77\"><label class=\"wpforms-field-label wpforms-label-hide\" for=\"wpforms-15809-field_77\" aria-hidden=\"false\">Nachname <span class=\"wpforms-required-label\" aria-hidden=\"true\">*<\/span><\/label><input type=\"text\" id=\"wpforms-15809-field_77\" class=\"wpforms-field-medium wpforms-field-required\" name=\"wpforms[fields][77]\" placeholder=\"Nachname*\" aria-errormessage=\"wpforms-15809-field_77-error\" required><\/div><\/div><\/div><\/div><div id=\"wpforms-15809-field_78-container\" class=\"wpforms-field wpforms-field-layout\" data-field-id=\"78\"><div class=\"wpforms-field-layout-columns wpforms-field-layout-preset-50-50\"><div class=\"wpforms-layout-column wpforms-layout-column-50\" ><div id=\"wpforms-15809-field_8-container\" class=\"wpforms-field wpforms-field-email\" data-field-id=\"8\"><label class=\"wpforms-field-label wpforms-label-hide\" for=\"wpforms-15809-field_8\" aria-hidden=\"false\">Email <span class=\"wpforms-required-label\" aria-hidden=\"true\">*<\/span><\/label><input type=\"email\" id=\"wpforms-15809-field_8\" class=\"wpforms-field-medium wpforms-field-required\" name=\"wpforms[fields][8]\" placeholder=\"E-Mail-Adresse*\" spellcheck=\"false\" aria-errormessage=\"wpforms-15809-field_8-error\" required><\/div><\/div><div class=\"wpforms-layout-column wpforms-layout-column-50\" ><div id=\"wpforms-15809-field_82-container\" class=\"wpforms-field wpforms-field-phone\" data-field-id=\"82\"><label class=\"wpforms-field-label wpforms-label-hide\" for=\"wpforms-15809-field_82\" aria-hidden=\"false\">Telefonnummer <span class=\"wpforms-required-label\" aria-hidden=\"true\">*<\/span><\/label><input type=\"tel\" id=\"wpforms-15809-field_82\" class=\"wpforms-field-medium wpforms-field-required wpforms-smart-phone-field\" data-rule-smart-phone-field=\"true\" name=\"wpforms[fields][82]\" placeholder=\"Telefonnummer*\" aria-label=\"Telefonnummer\" aria-errormessage=\"wpforms-15809-field_82-error\" required><\/div><\/div><\/div><\/div><div id=\"wpforms-15809-field_36-container\" class=\"wpforms-field wpforms-field-layout\" data-field-id=\"36\"><div class=\"wpforms-field-layout-columns wpforms-field-layout-preset-50-50\"><div class=\"wpforms-layout-column wpforms-layout-column-50\" ><div id=\"wpforms-15809-field_44-container\" class=\"wpforms-field wpforms-field-text\" data-field-id=\"44\"><label class=\"wpforms-field-label wpforms-label-hide\" for=\"wpforms-15809-field_44\" aria-hidden=\"false\">Postleitzahl <span class=\"wpforms-required-label\" aria-hidden=\"true\">*<\/span><\/label><input type=\"text\" id=\"wpforms-15809-field_44\" class=\"wpforms-field-medium wpforms-field-required\" name=\"wpforms[fields][44]\" placeholder=\"Postleitzahl*\" aria-errormessage=\"wpforms-15809-field_44-error\" required><\/div><\/div><div class=\"wpforms-layout-column wpforms-layout-column-50\" ><div id=\"wpforms-15809-field_10-container\" class=\"wpforms-field wpforms-field-text\" data-field-id=\"10\"><label class=\"wpforms-field-label wpforms-label-hide\" for=\"wpforms-15809-field_10\" aria-hidden=\"false\">Ort <span class=\"wpforms-required-label\" aria-hidden=\"true\">*<\/span><\/label><input type=\"text\" id=\"wpforms-15809-field_10\" class=\"wpforms-field-medium wpforms-field-required\" name=\"wpforms[fields][10]\" placeholder=\"Ort*\" aria-errormessage=\"wpforms-15809-field_10-error\" required><\/div><\/div><\/div><\/div><div id=\"wpforms-15809-field_83-container\" class=\"wpforms-field wpforms-field-layout\" data-field-id=\"83\"><div class=\"wpforms-field-layout-columns wpforms-field-layout-preset-50-50\"><div class=\"wpforms-layout-column wpforms-layout-column-50\" ><div id=\"wpforms-15809-field_85-container\" class=\"wpforms-field wpforms-field-text\" data-field-id=\"85\"><label class=\"wpforms-field-label wpforms-label-hide\" for=\"wpforms-15809-field_85\" aria-hidden=\"false\">Land <span class=\"wpforms-required-label\" aria-hidden=\"true\">*<\/span><\/label><input type=\"text\" id=\"wpforms-15809-field_85\" class=\"wpforms-field-medium wpforms-field-required\" name=\"wpforms[fields][85]\" placeholder=\"Land*\" aria-errormessage=\"wpforms-15809-field_85-error\" required><\/div><\/div><div class=\"wpforms-layout-column wpforms-layout-column-50\" ><\/div><\/div><\/div><div id=\"wpforms-15809-field_7-container\" class=\"wpforms-field wpforms-field-content\" data-field-id=\"7\"><div id=\"wpforms-15809-field_7\" class=\"wpforms-field-medium wpforms-field-row\" aria-errormessage=\"wpforms-15809-field_7-error\"><p>Hinweis: Unsere Datenschutzerkl\u00e4rung k\u00f6nnen Sie <a title=\"Datenschutzerkl\u00e4rung\" href=\"https:\/\/ibod-fse.s4.klixpert.dev\/datenschutzerklaerung\/\" target=\"_blank\" rel=\"noopener\">hier<\/a> abrufen.<\/p>\n<div class=\"wpforms-field-content-display-frontend-clear\"><\/div><\/div><\/div><div id=\"wpforms-15809-field_16-container\" class=\"wpforms-field wpforms-field-pagebreak\" data-field-id=\"16\"><div class=\"wpforms-clear wpforms-pagebreak-left\"><button class=\"wpforms-page-button wpforms-page-next wpforms-disabled\"\n\t\t\t\t\tdata-action=\"next\" data-page=\"1\" data-formid=\"15809\" aria-disabled=\"true\" aria-describedby=\"wpforms-error-noscript\">Weiter<\/button><\/div><\/div><\/div><div class=\"wpforms-page wpforms-page-2  \" data-page=\"2\" style=\"display:none;\"><div id=\"wpforms-15809-field_37-container\" class=\"wpforms-field wpforms-field-checkbox\" data-field-id=\"37\"><fieldset><legend class=\"wpforms-field-label\">Welches Produkt ist f\u00fcr Sie interessant?<\/legend><ul id=\"wpforms-15809-field_37\"><li class=\"choice-1 depth-1\"><input type=\"checkbox\" id=\"wpforms-15809-field_37_1\" name=\"wpforms[fields][37][]\" value=\"doppo Ambiente Wand\" aria-errormessage=\"wpforms-15809-field_37_1-error\"  ><label class=\"wpforms-field-label-inline\" for=\"wpforms-15809-field_37_1\">doppo Ambiente Wand<\/label><\/li><li class=\"choice-2 depth-1\"><input type=\"checkbox\" id=\"wpforms-15809-field_37_2\" name=\"wpforms[fields][37][]\" value=\"doppo Waschputz Mediterran\" aria-errormessage=\"wpforms-15809-field_37_2-error\"  ><label class=\"wpforms-field-label-inline\" for=\"wpforms-15809-field_37_2\">doppo Waschputz Mediterran<\/label><\/li><li class=\"choice-4 depth-1\"><input type=\"checkbox\" id=\"wpforms-15809-field_37_4\" name=\"wpforms[fields][37][]\" value=\"doppo Ambiente Boden\" aria-errormessage=\"wpforms-15809-field_37_4-error\"  ><label class=\"wpforms-field-label-inline\" for=\"wpforms-15809-field_37_4\">doppo Ambiente Boden<\/label><\/li><li class=\"choice-8 depth-1\"><input type=\"checkbox\" id=\"wpforms-15809-field_37_8\" name=\"wpforms[fields][37][]\" value=\"doppo Ambiente Boden SIC\" aria-errormessage=\"wpforms-15809-field_37_8-error\"  ><label class=\"wpforms-field-label-inline\" for=\"wpforms-15809-field_37_8\">doppo Ambiente Boden SIC<\/label><\/li><li class=\"choice-5 depth-1\"><input type=\"checkbox\" id=\"wpforms-15809-field_37_5\" name=\"wpforms[fields][37][]\" value=\"doppo Ambiente Boden Solido\" aria-errormessage=\"wpforms-15809-field_37_5-error\"  ><label class=\"wpforms-field-label-inline\" for=\"wpforms-15809-field_37_5\">doppo Ambiente Boden Solido<\/label><\/li><li class=\"choice-6 depth-1\"><input type=\"checkbox\" id=\"wpforms-15809-field_37_6\" name=\"wpforms[fields][37][]\" value=\"doppo Ambiente Gussterrazzo\" aria-errormessage=\"wpforms-15809-field_37_6-error\"  ><label class=\"wpforms-field-label-inline\" for=\"wpforms-15809-field_37_6\">doppo Ambiente Gussterrazzo<\/label><\/li><li class=\"choice-7 depth-1\"><input type=\"checkbox\" id=\"wpforms-15809-field_37_7\" name=\"wpforms[fields][37][]\" value=\"doppo EP- oder PU-Beschichtungen\" aria-errormessage=\"wpforms-15809-field_37_7-error\"  ><label class=\"wpforms-field-label-inline\" for=\"wpforms-15809-field_37_7\">doppo EP- oder PU-Beschichtungen<\/label><\/li><li class=\"choice-9 depth-1\"><input type=\"checkbox\" id=\"wpforms-15809-field_37_9\" name=\"wpforms[fields][37][]\" value=\"doppo Purofino - 1K\" aria-errormessage=\"wpforms-15809-field_37_9-error\"  ><label class=\"wpforms-field-label-inline\" for=\"wpforms-15809-field_37_9\">doppo Purofino &#8211; 1K<\/label><\/li><\/ul><\/fieldset><\/div><div id=\"wpforms-15809-field_38-container\" class=\"wpforms-field wpforms-field-checkbox\" data-field-id=\"38\"><fieldset><legend class=\"wpforms-field-label\">Welcher Bereich soll gestaltet werden?<\/legend><ul id=\"wpforms-15809-field_38\"><li class=\"choice-1 depth-1\"><input type=\"checkbox\" id=\"wpforms-15809-field_38_1\" name=\"wpforms[fields][38][]\" value=\"Wohnraum\" aria-errormessage=\"wpforms-15809-field_38_1-error\"  ><label class=\"wpforms-field-label-inline\" for=\"wpforms-15809-field_38_1\">Wohnraum<\/label><\/li><li class=\"choice-2 depth-1\"><input type=\"checkbox\" id=\"wpforms-15809-field_38_2\" name=\"wpforms[fields][38][]\" value=\"Bad\" aria-errormessage=\"wpforms-15809-field_38_2-error\"  ><label class=\"wpforms-field-label-inline\" for=\"wpforms-15809-field_38_2\">Bad<\/label><\/li><li class=\"choice-3 depth-1\"><input type=\"checkbox\" id=\"wpforms-15809-field_38_3\" name=\"wpforms[fields][38][]\" value=\"K\u00fcche\" aria-errormessage=\"wpforms-15809-field_38_3-error\"  ><label class=\"wpforms-field-label-inline\" for=\"wpforms-15809-field_38_3\">K\u00fcche<\/label><\/li><li class=\"choice-4 depth-1\"><input type=\"checkbox\" id=\"wpforms-15809-field_38_4\" name=\"wpforms[fields][38][]\" value=\"Garage\" aria-errormessage=\"wpforms-15809-field_38_4-error\"  ><label class=\"wpforms-field-label-inline\" for=\"wpforms-15809-field_38_4\">Garage<\/label><\/li><li class=\"choice-5 depth-1\"><input type=\"checkbox\" id=\"wpforms-15809-field_38_5\" name=\"wpforms[fields][38][]\" value=\"Gewerbliches Objekt\" aria-errormessage=\"wpforms-15809-field_38_5-error\"  ><label class=\"wpforms-field-label-inline\" for=\"wpforms-15809-field_38_5\">Gewerbliches Objekt<\/label><\/li><\/ul><\/fieldset><\/div><div id=\"wpforms-15809-field_39-container\" class=\"wpforms-field wpforms-field-checkbox\" data-field-id=\"39\"><fieldset><legend class=\"wpforms-field-label\">Welcher Untergrund ist Bestand?<\/legend><ul id=\"wpforms-15809-field_39\"><li class=\"choice-1 depth-1\"><input type=\"checkbox\" id=\"wpforms-15809-field_39_1\" name=\"wpforms[fields][39][]\" value=\"Estrich\" aria-errormessage=\"wpforms-15809-field_39_1-error\"  ><label class=\"wpforms-field-label-inline\" for=\"wpforms-15809-field_39_1\">Estrich<\/label><\/li><li class=\"choice-2 depth-1\"><input type=\"checkbox\" id=\"wpforms-15809-field_39_2\" name=\"wpforms[fields][39][]\" value=\"Fliesen\" aria-errormessage=\"wpforms-15809-field_39_2-error\"  ><label class=\"wpforms-field-label-inline\" for=\"wpforms-15809-field_39_2\">Fliesen<\/label><\/li><li class=\"choice-4 depth-1\"><input type=\"checkbox\" id=\"wpforms-15809-field_39_4\" name=\"wpforms[fields][39][]\" value=\"Putz\/Farbe\" aria-errormessage=\"wpforms-15809-field_39_4-error\"  ><label class=\"wpforms-field-label-inline\" for=\"wpforms-15809-field_39_4\">Putz\/Farbe<\/label><\/li><li class=\"choice-3 depth-1\"><input type=\"checkbox\" id=\"wpforms-15809-field_39_3\" name=\"wpforms[fields][39][]\" value=\"Sonstiges\" aria-errormessage=\"wpforms-15809-field_39_3-error\"  ><label class=\"wpforms-field-label-inline\" for=\"wpforms-15809-field_39_3\">Sonstiges<\/label><\/li><\/ul><\/fieldset><\/div><div id=\"wpforms-15809-field_42-container\" class=\"wpforms-field wpforms-field-checkbox\" data-field-id=\"42\"><fieldset><legend class=\"wpforms-field-label\">Ist das Projekt eine Sanierung oder Neubau?<\/legend><ul id=\"wpforms-15809-field_42\"><li class=\"choice-1 depth-1\"><input type=\"checkbox\" id=\"wpforms-15809-field_42_1\" name=\"wpforms[fields][42][]\" value=\"Sanierung\" aria-errormessage=\"wpforms-15809-field_42_1-error\"  ><label class=\"wpforms-field-label-inline\" for=\"wpforms-15809-field_42_1\">Sanierung<\/label><\/li><li class=\"choice-2 depth-1\"><input type=\"checkbox\" id=\"wpforms-15809-field_42_2\" name=\"wpforms[fields][42][]\" value=\"Neubau\" aria-errormessage=\"wpforms-15809-field_42_2-error\"  ><label class=\"wpforms-field-label-inline\" for=\"wpforms-15809-field_42_2\">Neubau<\/label><\/li><\/ul><\/fieldset><\/div><div id=\"wpforms-15809-field_27-container\" class=\"wpforms-field wpforms-field-pagebreak\" data-field-id=\"27\"><div class=\"wpforms-clear wpforms-pagebreak-left\"><button class=\"wpforms-page-button wpforms-page-prev wpforms-disabled\"\n\t\t\t\t\tdata-action=\"prev\" data-page=\"2\" data-formid=\"15809\" aria-disabled=\"true\" aria-describedby=\"wpforms-error-noscript\">Zur\u00fcck<\/button><button class=\"wpforms-page-button wpforms-page-next wpforms-disabled\"\n\t\t\t\t\tdata-action=\"next\" data-page=\"2\" data-formid=\"15809\" aria-disabled=\"true\" aria-describedby=\"wpforms-error-noscript\">Weiter<\/button><\/div><\/div><\/div><div class=\"wpforms-page wpforms-page-3 last \" data-page=\"3\" style=\"display:none;\"><div id=\"wpforms-15809-field_28-container\" class=\"wpforms-field wpforms-field-layout\" data-field-id=\"28\"><div class=\"wpforms-field-layout-columns wpforms-field-layout-preset-100\"><div class=\"wpforms-layout-column wpforms-layout-column-100\" ><div id=\"wpforms-15809-field_29-container\" class=\"wpforms-field wpforms-field-text\" data-field-id=\"29\"><label class=\"wpforms-field-label wpforms-label-hide\" for=\"wpforms-15809-field_29\" aria-hidden=\"false\">Wieviel Quadratmeter (ca.) hat die Fl\u00e4che?<\/label><input type=\"text\" id=\"wpforms-15809-field_29\" class=\"wpforms-field-large\" name=\"wpforms[fields][29]\" placeholder=\"Wieviel Quadratmeter (ca.) hat die Fl\u00e4che?\" aria-errormessage=\"wpforms-15809-field_29-error\" ><\/div><\/div><\/div><\/div><div id=\"wpforms-15809-field_91-container\" class=\"wpforms-field wpforms-field-layout\" data-field-id=\"91\"><div class=\"wpforms-field-layout-columns wpforms-field-layout-preset-100\"><div class=\"wpforms-layout-column wpforms-layout-column-100\" ><div id=\"wpforms-15809-field_94-container\" class=\"wpforms-field wpforms-field-text\" data-field-id=\"94\"><label class=\"wpforms-field-label wpforms-label-hide\" for=\"wpforms-15809-field_94\" aria-hidden=\"false\">Wann m\u00f6chten Sie das Projekt umsetzen?<\/label><input type=\"text\" id=\"wpforms-15809-field_94\" class=\"wpforms-field-large\" name=\"wpforms[fields][94]\" placeholder=\"Wann m\u00f6chten Sie das Projekt umsetzen?\" aria-errormessage=\"wpforms-15809-field_94-error\" ><\/div><\/div><\/div><\/div><div id=\"wpforms-15809-field_87-container\" class=\"wpforms-field wpforms-field-layout\" data-field-id=\"87\"><div class=\"wpforms-field-layout-columns wpforms-field-layout-preset-100\"><div class=\"wpforms-layout-column wpforms-layout-column-100\" ><div id=\"wpforms-15809-field_89-container\" class=\"wpforms-field wpforms-field-text\" data-field-id=\"89\"><label class=\"wpforms-field-label wpforms-label-hide\" for=\"wpforms-15809-field_89\" aria-hidden=\"false\">Wieviel Budget planen Sie (ca.) auszugeben?<\/label><input type=\"text\" id=\"wpforms-15809-field_89\" class=\"wpforms-field-large\" name=\"wpforms[fields][89]\" placeholder=\"Wieviel Budget planen Sie (ca.) auszugeben?\" aria-errormessage=\"wpforms-15809-field_89-error\" ><\/div><\/div><\/div><\/div><div id=\"wpforms-15809-field_33-container\" class=\"wpforms-field wpforms-field-textarea\" data-field-id=\"33\"><label class=\"wpforms-field-label wpforms-label-hide\" for=\"wpforms-15809-field_33\" aria-hidden=\"false\">Nachricht<\/label><textarea id=\"wpforms-15809-field_33\" class=\"wpforms-field-medium\" name=\"wpforms[fields][33]\" placeholder=\"Nachricht an IBOD\" aria-errormessage=\"wpforms-15809-field_33-error\" ><\/textarea><\/div><div id=\"wpforms-15809-field_95-container\" class=\"wpforms-field wpforms-field-content\" data-field-id=\"95\"><div id=\"wpforms-15809-field_95\" class=\"wpforms-field-medium wpforms-field-row\" aria-errormessage=\"wpforms-15809-field_95-error\"><p><strong>Hinweis:<\/strong> Ihre Kontaktdaten k\u00f6nnen gegebenenfalls an einen unserer Partnerbetriebe weitergeleitet werden, damit dieser sich im Rahmen Ihrer Anfrage direkt mit Ihnen in Verbindung setzt.<\/p>\n<div class=\"wpforms-field-content-display-frontend-clear\"><\/div><\/div><\/div><div id=\"wpforms-15809-field_18-container\" class=\"wpforms-field wpforms-field-pagebreak\" data-field-id=\"18\"><div class=\"wpforms-clear wpforms-pagebreak-left\"><button class=\"wpforms-page-button wpforms-page-prev wpforms-disabled\"\n\t\t\t\t\tdata-action=\"prev\" data-page=\"3\" data-formid=\"15809\" aria-disabled=\"true\" aria-describedby=\"wpforms-error-noscript\">Zur\u00fcck<\/button><\/div><\/div><\/div><\/div><!-- .wpforms-field-container --><input type=\"hidden\" name=\"nlang\" value=\"ch\"><div class=\"wpforms-submit-container\" style=\"display:none;\"><input type=\"hidden\" name=\"wpforms[id]\" value=\"15809\"><input type=\"hidden\" name=\"page_title\" value=\"\"><input type=\"hidden\" name=\"page_url\" value=\"https:\/\/ibod-fse.s4.klixpert.dev\/ch\/wp-json\/wp\/v2\/pages\/2697\"><input type=\"hidden\" name=\"url_referer\" value=\"\"><button type=\"submit\" name=\"wpforms[submit]\" id=\"wpforms-submit-15809\" class=\"wpforms-submit\" data-alt-text=\"Wird gesendet...\" data-submit-text=\"Jetzt Anfrage senden\" aria-live=\"assertive\" value=\"wpforms-submit\">Jetzt Anfrage senden<\/button><img loading=\"lazy\" decoding=\"async\" src=\"https:\/\/ibod-fse.s4.klixpert.dev\/app\/plugins\/wpforms\/assets\/images\/submit-spin.svg\" class=\"wpforms-submit-spinner\" style=\"display: none;\" width=\"26\" height=\"26\" alt=\"Loading\"><\/div><\/form><\/div>  <!-- .wpforms-container --><\/div>\n<\/div>\n<\/div>\n<\/div>\n","protected":false},"excerpt":{"rendered":"<p>Unverbindliche Beratung anfordern Sie haben Fragen zu unseren Produkten oder ben\u00f6tigen eine intensivere Beratung? Dann verwenden Sie bitte das folgende Formular. Unser Expertenteam steht Ihnen gerne zur Verf\u00fcgung und wird sich schnellstm\u00f6glich mit Ihnen in Verbindung setzen, um all Ihre Fragen zu beantworten und individuelle L\u00f6sungen vorzuschlagen. Wir legen gro\u00dfen Wert auf eine pers\u00f6nliche und [&hellip;]<\/p>\n","protected":false},"author":1,"featured_media":0,"parent":0,"menu_order":31,"comment_status":"closed","ping_status":"closed","template":"","meta":{"footnotes":""},"class_list":["post-2697","page","type-page","status-publish","hentry"],"_links":{"self":[{"href":"https:\/\/ibod-fse.s4.klixpert.dev\/ch\/wp-json\/wp\/v2\/pages\/2697","targetHints":{"allow":["GET"]}}],"collection":[{"href":"https:\/\/ibod-fse.s4.klixpert.dev\/ch\/wp-json\/wp\/v2\/pages"}],"about":[{"href":"https:\/\/ibod-fse.s4.klixpert.dev\/ch\/wp-json\/wp\/v2\/types\/page"}],"author":[{"embeddable":true,"href":"https:\/\/ibod-fse.s4.klixpert.dev\/ch\/wp-json\/wp\/v2\/users\/1"}],"replies":[{"embeddable":true,"href":"https:\/\/ibod-fse.s4.klixpert.dev\/ch\/wp-json\/wp\/v2\/comments?post=2697"}],"version-history":[{"count":25,"href":"https:\/\/ibod-fse.s4.klixpert.dev\/ch\/wp-json\/wp\/v2\/pages\/2697\/revisions"}],"predecessor-version":[{"id":47966,"href":"https:\/\/ibod-fse.s4.klixpert.dev\/ch\/wp-json\/wp\/v2\/pages\/2697\/revisions\/47966"}],"wp:attachment":[{"href":"https:\/\/ibod-fse.s4.klixpert.dev\/ch\/wp-json\/wp\/v2\/media?parent=2697"}],"curies":[{"name":"wp","href":"https:\/\/api.w.org\/{rel}","templated":true}]}}